{"id":158,"date":"2023-05-26T16:59:48","date_gmt":"2023-05-26T16:59:48","guid":{"rendered":"https:\/\/didemyeldan.com\/?page_id=158"},"modified":"2023-09-08T05:49:09","modified_gmt":"2023-09-08T05:49:09","slug":"siber-suclar","status":"publish","type":"page","link":"https:\/\/didemyeldan.com\/?page_id=158","title":{"rendered":"S\u0130BER SU\u00c7LAR"},"content":{"rendered":"\n<div class=\"wp-block-media-text alignwide is-stacked-on-mobile is-vertically-aligned-top\" style=\"grid-template-columns:25% auto\"><figure class=\"wp-block-media-text__media\"><img decoding=\"async\" loading=\"lazy\" width=\"741\" height=\"871\" src=\"http:\/\/didemyeldan.com\/wp-content\/uploads\/yss.jpg\" alt=\"\" class=\"wp-image-236 size-full\" srcset=\"https:\/\/didemyeldan.com\/wp-content\/uploads\/yss.jpg 741w, https:\/\/didemyeldan.com\/wp-content\/uploads\/yss-255x300.jpg 255w\" sizes=\"(max-width: 741px) 100vw, 741px\" \/><\/figure><div class=\"wp-block-media-text__content\">\n<p style=\"text-align: justify;\"><span style=\"font-family: helvetica, arial, sans-serif; font-size: 16px;\">Siber hayat; bili\u015fim sistemleri, bili\u015fim sistem a\u011flar\u0131 ve internet kullan\u0131larak ya\u015fanan ger\u00e7ek hayat\u0131n g\u00f6lgesi niteli\u011findeki ya\u015fam, ba\u015f\u0131 sonu olmayan siber evren i\u00e7indeki sanal ger\u00e7eklik, siber d\u00fcnya ve siber d\u00fcnyada i\u015flenen siber su\u00e7lar\u2026<\/span><\/p>\n\n\n\n<p style=\"text-align: justify;\"><span style=\"font-family: helvetica, arial, sans-serif; font-size: 16px;\">Siber taciz, zorbal\u0131k, \u015fiddet, cinayet, hakaret, tehdit, \u015fantaj, h\u0131rs\u0131zl\u0131k, doland\u0131r\u0131c\u0131l\u0131k, ya\u011fma, cinsel i\u00e7erikli g\u00f6r\u00fcnt\u00fclerin r\u0131za d\u0131\u015f\u0131nda payla\u015f\u0131lmas\u0131, intikam pornosu, \u00f6zel hayat\u0131n gizlili\u011fini ihlal, m\u00fcstehcenlik, fuhu\u015f, su\u00e7 i\u015flemeye tahrik, kumar, ter\u00f6r, bili\u015fim su\u00e7lar\u0131 ve di\u011fer b\u00fct\u00fcn su\u00e7lar\u2026<\/span><\/p>\n\n\n\n<p style=\"text-align: justify;\"><span style=\"font-family: helvetica, arial, sans-serif; font-size: 16px;\">Teknolojinin ve internetin kullan\u0131m alan\u0131ndaki s\u00fcratli geli\u015fme ve buna paralel olarak internet vas\u0131tas\u0131yla i\u015flenen su\u00e7lar\u0131n say\u0131s\u0131 ve t\u00fcrlerindeki h\u0131zl\u0131 art\u0131\u015f, bunlar\u0131n tamam\u0131n\u0131 kapsayan mevzuat\u0131n varl\u0131\u011f\u0131n\u0131n zorunlu hale gelmesi\u2026<\/span><\/p>\n\n\n\n<p style=\"text-align: justify;\"><span style=\"font-size: 16px; font-family: helvetica, arial, sans-serif;\">\u0130nternet ba\u011f\u0131ml\u0131l\u0131\u011f\u0131 ve sonu\u00e7lar\u0131, siber su\u00e7larla ili\u015fkisi, bu su\u00e7lardan korunma yollar\u0131, internet ve siber su\u00e7larla ilgili yasal d\u00fczenlemeler, soru\u015fturma ve kovu\u015fturma usulleri\u2026<\/span><\/p>\n\n\n\n<p style=\"text-align: justify;\"><span style=\"font-family: helvetica, arial, sans-serif; font-size: 16px;\">Kitapta bu konulara ve \u00e7ok s\u0131k rastlanan siber su\u00e7lara, ger\u00e7ek hayattan \u00f6rnek g\u00fcncel olay de\u011ferlendirmeleri ve son Yarg\u0131tay kararlar\u0131 ile birlikte yer verilmi\u015ftir. Kitab\u0131n d\u00f6rd\u00fcnc\u00fc ve be\u015finci b\u00f6l\u00fcmlerinde Anayasa Mahkemesi ve Avrupa \u0130nsan Haklar\u0131 Mahkemesinin bu alandaki \u00e7ok yank\u0131 uyand\u0131ran g\u00fcncel kararlar\u0131 payla\u015f\u0131lm\u0131\u015ft\u0131r.<\/span><\/p>\n\n\n\n<p style=\"text-align: justify;\"><span style=\"font-family: helvetica, arial, sans-serif; font-size: 16px;\">Kitap, sadece hukuk camias\u0131nda yer alanlar\u0131n de\u011fil, gen\u00e7 ya\u015fl\u0131, b\u00fcy\u00fck k\u00fc\u00e7\u00fck herkesin, bilgisayar, cep telefonu, internet ve sosyal medya ile olan ili\u015fkilerinde nelere dikkat etmeleri, bu t\u00fcr bir eylem ile kar\u015f\u0131la\u015ft\u0131klar\u0131nda neler yapmalar\u0131 gerekti\u011fi hususlar\u0131n\u0131 g\u00f6steren bir kaynak olarak herkese faydal\u0131 olmas\u0131 d\u00fc\u015f\u00fcnceleri ile kaleme al\u0131nm\u0131\u015ft\u0131r.<\/span><\/p>\n\n\n\n<blockquote class=\"wp-block-quote\">\n<p><\/p>\n<cite><em>G\u00f6z a\u00e7\u0131p kapay\u0131ncaya kadar ge\u00e7en, farketmeden biten, \u015fu k\u0131sac\u0131k \u00f6m\u00fcrde; siber d\u00fcnyada ya\u015fayan, s\u00fcrekli orada kalan ya da yolu kesi\u015fen, tesad\u00fcfen oradan ge\u00e7en, az ya da \u00e7ok u\u011frayan, internetle tan\u0131\u015fan, onunla dost ya da d\u00fc\u015fman olan herkese\u2026<\/em> <\/cite><\/blockquote>\n\n\n\n<p><a href=\"http:\/\/didemyeldan.com\/wp-content\/uploads\/Siber-Suclar-ONSOZ.pdf\"><span style=\"font-size: 16px; font-family: helvetica, arial, sans-serif;\">\u00d6ns\u00f6z (1. Bask\u0131)<\/span><\/a><\/p>\n<p><span style=\"font-family: helvetica, arial, sans-serif; font-size: 16px;\"><a href=\"http:\/\/didemyeldan.com\/wp-content\/uploads\/2.Baskiya-Onsoz.pdf\">\u00d6ns\u00f6z (2. Bask\u0131)<\/a><\/span><\/p>\n<p><span style=\"font-size: 16px; font-family: helvetica, arial, sans-serif;\"><a href=\"http:\/\/didemyeldan.com\/wp-content\/uploads\/DidemYeldanSiberSuclar_Icindekiler.pdf\">\u0130\u00e7indekiler<\/a><\/span><\/p>\n<\/div><\/div>\n","protected":false},"excerpt":{"rendered":"","protected":false},"author":1,"featured_media":0,"parent":15,"menu_order":0,"comment_status":"closed","ping_status":"closed","template":"","meta":[],"_links":{"self":[{"href":"https:\/\/didemyeldan.com\/index.php?rest_route=\/wp\/v2\/pages\/158"}],"collection":[{"href":"https:\/\/didemyeldan.com\/index.php?rest_route=\/wp\/v2\/pages"}],"about":[{"href":"https:\/\/didemyeldan.com\/index.php?rest_route=\/wp\/v2\/types\/page"}],"author":[{"embeddable":true,"href":"https:\/\/didemyeldan.com\/index.php?rest_route=\/wp\/v2\/users\/1"}],"replies":[{"embeddable":true,"href":"https:\/\/didemyeldan.com\/index.php?rest_route=%2Fwp%2Fv2%2Fcomments&post=158"}],"version-history":[{"count":21,"href":"https:\/\/didemyeldan.com\/index.php?rest_route=\/wp\/v2\/pages\/158\/revisions"}],"predecessor-version":[{"id":414,"href":"https:\/\/didemyeldan.com\/index.php?rest_route=\/wp\/v2\/pages\/158\/revisions\/414"}],"up":[{"embeddable":true,"href":"https:\/\/didemyeldan.com\/index.php?rest_route=\/wp\/v2\/pages\/15"}],"wp:attachment":[{"href":"https:\/\/didemyeldan.com\/index.php?rest_route=%2Fwp%2Fv2%2Fmedia&parent=158"}],"curies":[{"name":"wp","href":"https:\/\/api.w.org\/{rel}","templated":true}]}}