{"id":174,"date":"2023-05-26T18:13:40","date_gmt":"2023-05-26T18:13:40","guid":{"rendered":"https:\/\/didemyeldan.com\/?page_id=174"},"modified":"2023-12-25T10:35:45","modified_gmt":"2023-12-25T10:35:45","slug":"cinsel-suclarda-beraat","status":"publish","type":"page","link":"https:\/\/didemyeldan.com\/?page_id=174","title":{"rendered":"C\u0130NSEL SU\u00c7LARDA BERAAT"},"content":{"rendered":"\n<div class=\"wp-block-media-text alignwide is-stacked-on-mobile is-vertically-aligned-top\" style=\"grid-template-columns:25% auto\"><figure class=\"wp-block-media-text__media\"><img decoding=\"async\" loading=\"lazy\" width=\"741\" height=\"871\" src=\"http:\/\/didemyeldan.com\/wp-content\/uploads\/ycsb.jpg\" alt=\"\" class=\"wp-image-234 size-full\" srcset=\"https:\/\/didemyeldan.com\/wp-content\/uploads\/ycsb.jpg 741w, https:\/\/didemyeldan.com\/wp-content\/uploads\/ycsb-255x300.jpg 255w\" sizes=\"(max-width: 741px) 100vw, 741px\" \/><\/figure><div class=\"wp-block-media-text__content\">\n<p style=\"text-align: justify;\"><span style=\"font-size: 16px; font-family: helvetica, arial, sans-serif;\">Cinsel su\u00e7lar, mahiyetleri itibariyle gizlilik i\u00e7inde i\u015flenen su\u00e7lar olduklar\u0131 i\u00e7in, \u00e7o\u011fu zaman olay\u0131n ispat\u0131 a\u00e7\u0131s\u0131ndan beyanlar\u0131na ba\u015fvurulacak g\u00f6rg\u00fc tan\u0131klar\u0131 yoktur. Di\u011fer deliller ise, zaman\u0131nda h\u0131zl\u0131 \u015fekilde toplanmad\u0131klar\u0131 zaman kolayca kaybolabilecek ya da de\u011fi\u015febilecek \u00f6zelliktedirler. Genelllikle sadece ma\u011fdur ve san\u0131k aras\u0131nda ger\u00e7ekle\u015fen bu su\u00e7larda, ma\u011fdurun beyan\u0131 \u00f6nemli bir delildir. Ancak Cinsel vakalardaki ay\u0131p ve mahremiyet duygusu, ma\u011fdur ve yak\u0131nlar\u0131 gibi olay\u0131n faillerinin de ifadelerini de\u011fi\u015ftirmelerine ve ifadeler aras\u0131nda \u00e7eli\u015fkiler meydana gelmesine neden olabilmektedir.<\/span><\/p>\n\n\n\n<p style=\"text-align: justify;\"><span style=\"font-family: helvetica, arial, sans-serif; font-size: 16px;\">Mevcut delillerin en iyi \u015fekilde de\u011ferlendirilip, adaletin do\u011fru olarak tecellisini sa\u011flamak her \u015feyden \u00f6nemli olup, bu \u00e7al\u0131\u015fmada; cinsel su\u00e7larda ilk derece mahkemeleri taraf\u0131ndan verilen beraat kararlar\u0131n\u0131n istinaf ve temyiz a\u015famalar\u0131nda de\u011ferlendirilmesi konusu incelenmi\u015f, kararlardan sonra olay de\u011ferlendirmeleri yap\u0131lm\u0131\u015ft\u0131r. \u00c7al\u0131\u015fman\u0131n \u00fc\u00e7\u00fcnc\u00fc b\u00f6l\u00fcm\u00fcnde ise Yarg\u0131tay&#8217;\u0131n beraat karar\u0131 verilmesi gerekti\u011fi g\u00f6r\u00fc\u015f\u00fcnde oldu\u011fu kararlara yer verilmi\u015ftir.<\/span><\/p>\n\n\n\n<p><a href=\"http:\/\/didemyeldan.com\/wp-content\/uploads\/Cinsel-Suclarda-Beraat-1.-Baski-Onsoz-1.pdf\"><span style=\"font-size: 16px; font-family: helvetica, arial, sans-serif;\">\u00d6ns\u00f6z (1. Bask\u0131)<\/span><\/a><\/p>\n<p><span style=\"font-size: 16px; font-family: helvetica, arial, sans-serif;\"><a href=\"http:\/\/didemyeldan.com\/wp-content\/uploads\/Cinsel-Suclarda-Beraat-3.-Baski-Onsoz-1.pdf\">\u00d6ns\u00f6z (3. Bask\u0131)<\/a><\/span><\/p>\n<p><span style=\"font-size: 16px; font-family: helvetica, arial, sans-serif;\"><a href=\"http:\/\/didemyeldan.com\/wp-content\/uploads\/Cinsel-Suclarda-Beraat3Baski_Icindekiler.pdf\">\u0130\u00e7indekiler<\/a><\/span><\/p>\n<p><span style=\"font-size: 16px; font-family: arial, helvetica, sans-serif;\"><a href=\"https:\/\/www.seckin.com.tr\/kitap\/cinsel-suclarda-beraat-didem-yeldan-gokhan-taneri-s-p-347965419\">Sat\u0131n Al<\/a><\/span><\/p>\n<\/div><\/div>\n","protected":false},"excerpt":{"rendered":"","protected":false},"author":1,"featured_media":0,"parent":15,"menu_order":0,"comment_status":"closed","ping_status":"closed","template":"","meta":[],"_links":{"self":[{"href":"https:\/\/didemyeldan.com\/index.php?rest_route=\/wp\/v2\/pages\/174"}],"collection":[{"href":"https:\/\/didemyeldan.com\/index.php?rest_route=\/wp\/v2\/pages"}],"about":[{"href":"https:\/\/didemyeldan.com\/index.php?rest_route=\/wp\/v2\/types\/page"}],"author":[{"embeddable":true,"href":"https:\/\/didemyeldan.com\/index.php?rest_route=\/wp\/v2\/users\/1"}],"replies":[{"embeddable":true,"href":"https:\/\/didemyeldan.com\/index.php?rest_route=%2Fwp%2Fv2%2Fcomments&post=174"}],"version-history":[{"count":10,"href":"https:\/\/didemyeldan.com\/index.php?rest_route=\/wp\/v2\/pages\/174\/revisions"}],"predecessor-version":[{"id":480,"href":"https:\/\/didemyeldan.com\/index.php?rest_route=\/wp\/v2\/pages\/174\/revisions\/480"}],"up":[{"embeddable":true,"href":"https:\/\/didemyeldan.com\/index.php?rest_route=\/wp\/v2\/pages\/15"}],"wp:attachment":[{"href":"https:\/\/didemyeldan.com\/index.php?rest_route=%2Fwp%2Fv2%2Fmedia&parent=174"}],"curies":[{"name":"wp","href":"https:\/\/api.w.org\/{rel}","templated":true}]}}