{"id":2,"date":"2016-05-10T03:48:21","date_gmt":"2016-05-10T03:48:21","guid":{"rendered":"http:\/\/didemyeldan.com\/?page_id=2"},"modified":"2025-09-05T05:51:03","modified_gmt":"2025-09-05T05:51:03","slug":"sample-page","status":"publish","type":"page","link":"https:\/\/didemyeldan.com\/?page_id=2","title":{"rendered":"HAKKINDA"},"content":{"rendered":"\r\n<div class=\"wp-block-media-text alignwide is-stacked-on-mobile is-vertically-aligned-center\" style=\"grid-template-columns: 22% auto;\">\r\n<figure class=\"wp-block-media-text__media\"><img decoding=\"async\" loading=\"lazy\" width=\"448\" height=\"1024\" class=\"wp-image-718 size-full\" src=\"https:\/\/didemyeldan.com\/wp-content\/uploads\/didemyeldan2-448x1024.png\" alt=\"\" srcset=\"https:\/\/didemyeldan.com\/wp-content\/uploads\/didemyeldan2-448x1024.png 448w, https:\/\/didemyeldan.com\/wp-content\/uploads\/didemyeldan2-131x300.png 131w, https:\/\/didemyeldan.com\/wp-content\/uploads\/didemyeldan2.png 560w\" sizes=\"(max-width: 448px) 100vw, 448px\" \/><\/figure>\r\n<div class=\"wp-block-media-text__content\">\r\n<p style=\"text-align: justify;\"><span style=\"font-size: 16px; font-family: arial, helvetica, sans-serif;\">Konya H\u00e2kim Aday\u0131 olarak mesle\u011fe ba\u015flayan Yeldan; s\u0131ras\u0131yla Kahramanmara\u015f\/Elbistan, Diyarbak\u0131r\/Bismil, A\u011fr\u0131, Antalya\/Alanya, Yozgat, Samsun, Adana H\u00e2kimli\u011fi ve Adana B\u00f6lge Adliye Mahkemesi Daire Ba\u015fkanl\u0131\u011f\u0131 g\u00f6revlerinde bulunmu\u015ftur.<\/span><\/p>\r\n<p style=\"text-align: justify;\"><span style=\"font-size: 16px; font-family: arial, helvetica, sans-serif;\">Yay\u0131nlanm\u0131\u015f &#8220;Cinsel Su\u00e7larda Beraat&#8221;, &#8220;Uygulamada Cinsel Su\u00e7lar&#8221;, &#8220;99 Soruda Cinsel Su\u00e7lar&#8221;, &#8220;99 Soruda \u00c7ocu\u011fun Cinsel \u0130stismar\u0131 Su\u00e7u&#8221;, &#8221; Siber Su\u00e7lar&#8221; ,&#8221;Yarg\u0131tay Ceza Genel Kurulu Ceza Usul Hukuku Karar \u00d6zetleri (2020-2024), &#8220;Cinsel Dokunulmazl\u0131\u011fa Kar\u015f\u0131 Su\u00e7lar&#8221; ve &#8220;\u00c7ocuklar\u0131n Cinsel \u0130stismar\u0131 Su\u00e7u Temel Sorunlar ve \u00c7\u00f6z\u00fcmleri&#8221; isimli kitaplar\u0131 bulunmaktad\u0131r.<\/span><\/p>\r\n<p style=\"text-align: justify;\"><span style=\"font-size: 16px; font-family: arial, helvetica, sans-serif;\">Halen Yarg\u0131tay Cumhuriyet Savc\u0131s\u0131 olarak g\u00f6revini s\u00fcrd\u00fcrmekte olan Didem Yeldan, T\u00fcrkiye Adalet Akademisinde \u00f6\u011fretim g\u00f6revlisi olarak haz\u0131rl\u0131k d\u00f6neminde &#8221; 6136 Say\u0131l\u0131 Ate\u015fli Silahlar ve B\u0131\u00e7aklar ile Di\u011fer Aletler Hakk\u0131nda Kanun\u2019a Ayk\u0131r\u0131l\u0131k Su\u00e7lar\u0131&#8221; ve \u201cAdliyeye Kar\u015f\u0131 su\u00e7lar\u201d, son d\u00f6nemde ise \u201cCinsel Dokunulmazl\u0131\u011fa Kar\u015f\u0131 Su\u00e7lar\u201d ve \u201cBili\u015fim Alan\u0131nda Su\u00e7lar\u201d derslerine girmektedir. Evli ve iki \u00e7ocuk annesidir.<\/span><\/p>\r\n<\/div>\r\n<\/div>\r\n","protected":false},"excerpt":{"rendered":"","protected":false},"author":1,"featured_media":0,"parent":0,"menu_order":0,"comment_status":"closed","ping_status":"open","template":"","meta":[],"_links":{"self":[{"href":"https:\/\/didemyeldan.com\/index.php?rest_route=\/wp\/v2\/pages\/2"}],"collection":[{"href":"https:\/\/didemyeldan.com\/index.php?rest_route=\/wp\/v2\/pages"}],"about":[{"href":"https:\/\/didemyeldan.com\/index.php?rest_route=\/wp\/v2\/types\/page"}],"author":[{"embeddable":true,"href":"https:\/\/didemyeldan.com\/index.php?rest_route=\/wp\/v2\/users\/1"}],"replies":[{"embeddable":true,"href":"https:\/\/didemyeldan.com\/index.php?rest_route=%2Fwp%2Fv2%2Fcomments&post=2"}],"version-history":[{"count":23,"href":"https:\/\/didemyeldan.com\/index.php?rest_route=\/wp\/v2\/pages\/2\/revisions"}],"predecessor-version":[{"id":751,"href":"https:\/\/didemyeldan.com\/index.php?rest_route=\/wp\/v2\/pages\/2\/revisions\/751"}],"wp:attachment":[{"href":"https:\/\/didemyeldan.com\/index.php?rest_route=%2Fwp%2Fv2%2Fmedia&parent=2"}],"curies":[{"name":"wp","href":"https:\/\/api.w.org\/{rel}","templated":true}]}}