{"id":331,"date":"2023-06-01T17:26:28","date_gmt":"2023-06-01T17:26:28","guid":{"rendered":"https:\/\/didemyeldan.com\/?page_id=331"},"modified":"2024-07-17T07:59:04","modified_gmt":"2024-07-17T07:59:04","slug":"makaleler","status":"publish","type":"page","link":"https:\/\/didemyeldan.com\/?page_id=331","title":{"rendered":"MAKALELER"},"content":{"rendered":"\n<h3><strong><span style=\"font-size: 14px; font-family: 'arial black', sans-serif; background-color: #ffffff; color: #000000;\"><a style=\"background-color: #ffffff; color: #000000;\" href=\"https:\/\/didemyeldan.com\/?page_id=356\">Neden Sosyal Medyada \u00d6zel Hayatlar Payla\u015f\u0131l\u0131yor?<\/a><\/span><\/strong><\/h3>\n<h3><strong><span style=\"font-size: 14px; font-family: 'arial black', sans-serif; background-color: #ffffff; color: #000000;\"><a style=\"background-color: #ffffff; color: #000000;\" href=\"https:\/\/didemyeldan.com\/?page_id=359\">Siber Zorbal\u0131k (Cyber Bullying) Nedir?<\/a><\/span><\/strong><\/h3>\n<h3><strong><span style=\"color: #000000; font-family: 'arial black', sans-serif; font-size: 14px;\"><a style=\"color: #000000;\" href=\"https:\/\/didemyeldan.com\/?page_id=368\">Selfi \u00c7\u0131lg\u0131nl\u0131\u011f\u0131 Nedir?<\/a><\/span><\/strong><\/h3>\n<h3><strong><span style=\"color: #000000; font-family: 'arial black', sans-serif; font-size: 14px;\"><a style=\"color: #000000;\" href=\"https:\/\/didemyeldan.com\/?page_id=386\">Israrl\u0131 Takip Su\u00e7u<\/a><\/span><\/strong><\/h3>\n<h3><strong><span style=\"color: #000000; font-family: 'arial black', sans-serif; font-size: 14px;\"><a style=\"color: #000000;\" href=\"https:\/\/didemyeldan.com\/?page_id=547\">\u00c7ocuk Gelinler ve Hukuk Sistemimizdeki Yeri<\/a><\/span><\/strong><\/h3>\n<h3><strong><span style=\"color: #000000; font-family: 'arial black', sans-serif; font-size: 14px;\"><a style=\"color: #000000;\" href=\"https:\/\/didemyeldan.com\/?page_id=550\" data-wplink-edit=\"true\">Basit Yarg\u0131lama Usul\u00fc ve Seri Muhakeme Usul\u00fcn\u00fcn Cinsel Su\u00e7lardaki Uygulama Alan\u0131<\/a><\/span><\/strong><\/h3>\n","protected":false},"excerpt":{"rendered":"<p>Neden Sosyal Medyada \u00d6zel Hayatlar Payla\u015f\u0131l\u0131yor? Siber Zorbal\u0131k (Cyber Bullying) Nedir? Selfi \u00c7\u0131lg\u0131nl\u0131\u011f\u0131 Nedir? Israrl\u0131 Takip Su\u00e7u \u00c7ocuk Gelinler ve Hukuk Sistemimizdeki Yeri Basit Yarg\u0131lama Usul\u00fc ve Seri Muhakeme Usul\u00fcn\u00fcn Cinsel Su\u00e7lardaki Uygulama Alan\u0131<\/p>\n","protected":false},"author":1,"featured_media":0,"parent":0,"menu_order":5,"comment_status":"closed","ping_status":"closed","template":"","meta":[],"_links":{"self":[{"href":"https:\/\/didemyeldan.com\/index.php?rest_route=\/wp\/v2\/pages\/331"}],"collection":[{"href":"https:\/\/didemyeldan.com\/index.php?rest_route=\/wp\/v2\/pages"}],"about":[{"href":"https:\/\/didemyeldan.com\/index.php?rest_route=\/wp\/v2\/types\/page"}],"author":[{"embeddable":true,"href":"https:\/\/didemyeldan.com\/index.php?rest_route=\/wp\/v2\/users\/1"}],"replies":[{"embeddable":true,"href":"https:\/\/didemyeldan.com\/index.php?rest_route=%2Fwp%2Fv2%2Fcomments&post=331"}],"version-history":[{"count":23,"href":"https:\/\/didemyeldan.com\/index.php?rest_route=\/wp\/v2\/pages\/331\/revisions"}],"predecessor-version":[{"id":626,"href":"https:\/\/didemyeldan.com\/index.php?rest_route=\/wp\/v2\/pages\/331\/revisions\/626"}],"wp:attachment":[{"href":"https:\/\/didemyeldan.com\/index.php?rest_route=%2Fwp%2Fv2%2Fmedia&parent=331"}],"curies":[{"name":"wp","href":"https:\/\/api.w.org\/{rel}","templated":true}]}}