{"id":386,"date":"2023-07-06T10:37:40","date_gmt":"2023-07-06T10:37:40","guid":{"rendered":"https:\/\/didemyeldan.com\/?page_id=386"},"modified":"2023-07-06T11:24:24","modified_gmt":"2023-07-06T11:24:24","slug":"israrli-takip","status":"publish","type":"page","link":"https:\/\/didemyeldan.com\/?page_id=386","title":{"rendered":"Israrl\u0131 Takip Su\u00e7u"},"content":{"rendered":"\n<p style=\"text-align: justify;\"><span style=\"font-family: helvetica, arial, sans-serif; font-size: 16px;\">12 May\u0131s 2022 tarihinde kabul edilen 7406 Say\u0131l\u0131 T\u00fcrk Ceza Kanunu ve Baz\u0131 Kanunlarda De\u011fi\u015fiklik Yap\u0131lmas\u0131na Dair Kanun, 27 May\u0131s 2022 tarihinde Resmi Gazete\u2019de yay\u0131mlanarak y\u00fcr\u00fcrl\u00fc\u011fe girmi\u015f olup, bu kanun ile 5237 say\u0131l\u0131 T\u00fcrk Ceza Kanununda m\u00fcnhas\u0131r bir su\u00e7 tipi olarak \u0131srarl\u0131 takip su\u00e7u d\u00fczenlenmi\u015ftir.<\/span><\/p>\n<p style=\"text-align: justify;\"><span style=\"font-family: helvetica, arial, sans-serif; font-size: 16px;\">T\u00fcrk Ceza Kanunu\u2019ndaki \u0131srarl\u0131 takip su\u00e7u d\u00fczenlemesinin temel amac\u0131, \u00f6zellikle kad\u0131na y\u00f6nelik \u015fiddet i\u00e7eren fiiller hen\u00fcz i\u015flenmeden failin cezaland\u0131r\u0131larak ma\u011fdurun korunmas\u0131d\u0131r. Kanun koyucu, \u0131srarl\u0131 takip fiillerinin devam\u0131n\u0131n daha a\u011f\u0131r ve farkl\u0131 su\u00e7 tiplerinin habercisi oldu\u011fu ger\u00e7e\u011fi \u00fczerinden, mukayeseli hukukla paralel bir \u015fekilde d\u00fczenleme yaparak, eylemi ger\u00e7ekle\u015ftiren faillerin tehlikelilik hallerini g\u00f6zeterek, ki\u015filerin huzur ve s\u00fckununu bozma su\u00e7una oranla cezalar\u0131 art\u0131rarak, yeni su\u00e7lar\u0131n i\u015flenmesine engel olmay\u0131 ama\u00e7lamaktad\u0131r. Israrl\u0131 takip fiilleri ba\u015fta Almanya, Avusturya, Fransa, Bel\u00e7ika ve \u0130talya olmak \u00fczere bir\u00e7ok hukuk sisteminde de yapt\u0131r\u0131ma ba\u011flanm\u0131\u015ft\u0131r. Israrl\u0131 takip su\u00e7u T\u00fcrk Ceza Kanununun 123\/A maddesinde failin ve ma\u011fdurun cinsiyetinden ba\u011f\u0131ms\u0131z bir \u015fekilde d\u00fczenlenmi\u015f olup su\u00e7un ma\u011fduru ve\/veya faili herkes olabilir. Fakat istatiksel verilere bak\u0131ld\u0131\u011f\u0131nda \u0131srarl\u0131 takip su\u00e7unda genel olarak failin erkek, ma\u011fdurun kad\u0131n oldu\u011fu g\u00f6r\u00fclmektedir.<\/span><\/p>\n<p style=\"text-align: justify;\"><span style=\"font-family: helvetica, arial, sans-serif; font-size: 16px;\">Bu madde 12.5.2022 tarih ve 7406 say\u0131l\u0131 yasan\u0131n 8. maddesi ile T\u00fcrk Ceza Kanununa \u0131srarl\u0131 takip ba\u015fl\u0131\u011f\u0131 ile\u00a0 123\/A. maddesi olarak eklenmi\u015ftir.<\/span><\/p>\n<p style=\"text-align: justify;\"><span style=\"font-family: helvetica, arial, sans-serif; font-size: 16px;\">Maddeye g\u00f6re;<\/span><\/p>\n<p style=\"text-align: justify;\"><span style=\"font-family: helvetica, arial, sans-serif; font-size: 16px;\">(1) Israrl\u0131 bir \u015fekilde; f\u0131ziken takip etmek ya da haberle\u015fme ve ileti\u015fim ara\u00e7lar\u0131n\u0131, bili\u015fim sistemlerini veya \u00fc\u00e7\u00fcnc\u00fc ki\u015fileri kullanarak temas kurmaya \u00e7al\u0131\u015fmak suretiyle bir kimse \u00fczerinde ciddi bir huzursuzluk olu\u015fmas\u0131na ya da kendisinin veya yak\u0131nlar\u0131ndan birinin g\u00fcvenli\u011finden endi\u015fe duymas\u0131na neden olan faile alt\u0131 aydan iki y\u0131la kadar hapis cezas\u0131 verilir.<\/span><\/p>\n<p style=\"text-align: justify;\"><span style=\"font-family: helvetica, arial, sans-serif; font-size: 16px;\">(2) Su\u00e7un;<\/span><\/p>\n<p style=\"text-align: justify;\"><span style=\"font-family: helvetica, arial, sans-serif; font-size: 16px;\">a- \u00c7ocu\u011fa ya da ayr\u0131l\u0131k karar\u0131 verilen veya bo\u015fand\u0131\u011f\u0131 e\u015fe kar\u015f\u0131 i\u015flenmesi,<\/span><\/p>\n<p style=\"text-align: justify;\"><span style=\"font-family: helvetica, arial, sans-serif; font-size: 16px;\">b- Ma\u011fdurun okulunu, i\u015f yerini, konutunu de\u011fi\u015ftirmesine ya da okulunu veya i\u015fini b\u0131rakmas\u0131na neden olmas\u0131,<\/span><\/p>\n<p style=\"text-align: justify;\"><span style=\"font-family: helvetica, arial, sans-serif; font-size: 16px;\">c- Hakk\u0131nda uzakla\u015ft\u0131rma ya da konuta, okula veya i\u015f yerine yakla\u015fmama tedbirine karar verilen fail taraf\u0131ndan i\u015flenmesi,<\/span><\/p>\n<p style=\"text-align: justify;\"><span style=\"font-family: helvetica, arial, sans-serif; font-size: 16px;\">h\u00e2linde faile bir y\u0131ldan \u00fc\u00e7 y\u0131la kadar hapis cezas\u0131 verilir.<\/span><\/p>\n<p style=\"text-align: justify;\"><span style=\"font-family: helvetica, arial, sans-serif; font-size: 16px;\">(3) Bu maddede d\u00fczenlenen su\u00e7un soru\u015fturulmas\u0131 ve kovu\u015fturulmas\u0131 \u015fik\u00e2yete ba\u011fl\u0131d\u0131r.<\/span><\/p>\n<p style=\"text-align: justify;\"><span style=\"font-family: helvetica, arial, sans-serif; font-size: 16px;\">Israrl\u0131 takip su\u00e7unda g\u00f6revli mahkemeler asliye ceza mahkemesidir. 5237 say\u0131l\u0131 TCK&#8217;n\u0131n 123\/A-1. maddesinde\u00a0 d\u00fczenlenen su\u00e7un temel \u015feklinde su\u00e7un cezas\u0131n\u0131n \u00fcst s\u0131n\u0131r\u0131n\u0131n 2 y\u0131l olmas\u0131 nedeniyle basit yarg\u0131lama usul\u00fc uygulan\u0131r. Ayn\u0131 maddenin ikinci f\u0131kras\u0131nda d\u00fczenlenen su\u00e7un nitelikli halleri bak\u0131m\u0131ndan ise CMK\u2019n\u0131n genel yarg\u0131lama usul\u00fcne ili\u015fkin h\u00fck\u00fcmleri uygulan\u0131r.<\/span><\/p>\n<p style=\"text-align: justify;\"><span style=\"font-family: helvetica, arial, sans-serif; font-size: 16px;\">Su\u00e7un hem temel \u015fekli hem de nitelikli hallerinin takibi \u015fik\u00e2yete ba\u011fl\u0131d\u0131r. Ma\u011fdurun fiili ve failin kim oldu\u011funu \u00f6\u011frendi\u011fi g\u00fcnden itibaren 6 ayl\u0131k yasal \u015fik\u00e2yet s\u00fcresi ba\u015flar. M\u00fctemadi su\u00e7 oldu\u011fu i\u00e7in \u015fikayet s\u00fcresinin en son eylemin yap\u0131ld\u0131\u011f\u0131 tarihten itibaren ba\u015flamas\u0131 gerekir. Su\u00e7 tarihi de son eylemin yap\u0131ld\u0131\u011f\u0131 tarihtir. Israrl\u0131 takip su\u00e7u \u015fik\u00e2yete tabi olmas\u0131na ra\u011fmen uzla\u015ft\u0131rma kapsam\u0131 d\u0131\u015f\u0131ndad\u0131r.<\/span><\/p>\n<p style=\"text-align: justify;\"><span style=\"font-family: helvetica, arial, sans-serif; font-size: 16px;\">TCK&#8217;n\u0131n 123. maddesinde d\u00fczenlenen ki\u015filerin huzur ve s\u00fck\u00fbnunu bozma su\u00e7u uzla\u015ft\u0131rma kapsam\u0131nda iken 123\/A maddesinde d\u00fczenlenen \u0131srarl\u0131 takip su\u00e7unun uzla\u015ft\u0131rma kapsam\u0131 d\u0131\u015f\u0131nda kalmas\u0131 CMK&#8217;n\u0131n 253\/3. maddesinde 12.5.2022 tarih ve 7406 say\u0131l\u0131 yasan\u0131n 12. maddesi ile yap\u0131lan de\u011fi\u015fiklikten kaynaklanmaktad\u0131r. Yap\u0131lan de\u011fi\u015fiklik ile f\u0131krada yer alan <strong>\u201c<em>su\u00e7larda<\/em>,\u201d<\/strong> ibaresi <strong>\u201c<em>su\u00e7larda ve \u0131srarl\u0131 takip su\u00e7unda (madde 123\/A),<\/em>\u201d <\/strong>\u015feklinde de\u011fi\u015ftirilmi\u015ftir. \u00d6zel d\u00fczenleme ile cinsel dokunulmazl\u0131\u011fa kar\u015f\u0131 su\u00e7lar uzla\u015ft\u0131rma kapsam\u0131 d\u0131\u015f\u0131nda b\u0131rak\u0131lm\u0131\u015f iken yap\u0131lan bu de\u011fi\u015fiklik ile \u0131srarl\u0131 takip su\u00e7unda (madde 123\/A), uzla\u015ft\u0131rma yoluna gidilemeyece\u011fi d\u00fczenlenerek, bu su\u00e7 da uzla\u015ft\u0131rma kapsam\u0131 d\u0131\u015f\u0131nda tutulmu\u015ftur.<\/span><\/p>\n<p style=\"text-align: justify;\"><span style=\"font-family: helvetica, arial, sans-serif; font-size: 16px;\">CMK&#8217;n\u0131n 286\/2.maddesi h\u00fck\u00fcmlerini nazara ald\u0131\u011f\u0131m\u0131zda \u0131srarl\u0131 takip su\u00e7u B\u00f6lge Adliye Mahkemelerinde kesinle\u015fen su\u00e7lardand\u0131r. Bu y\u00fczden Yarg\u0131tay&#8217;a TCK&#8217;n\u0131n 123\/A. maddesi h\u00fckm\u00fcn\u00fcn uygulanmas\u0131 nedeniyle intikal eden bir karar hen\u00fcz yoktur. Ancak Yarg\u0131tay&#8217;\u0131n TCK&#8217;n\u0131n 123\/A. maddesinde d\u00fczenlenen \u0131srarl\u0131 takip su\u00e7u da de\u011ferlendirilip sonucuna g\u00f6re san\u0131\u011f\u0131n hukuki durumunun tayin ve takdir edilmesi gerekti\u011fi gerek\u00e7esi ile bozdu\u011fu kararlar vard\u0131r.[1]\u00a0\u00a0\u00a0<\/span><\/p>\n<p style=\"text-align: justify;\"><span style=\"font-family: helvetica, arial, sans-serif; font-size: 16px;\">Israrl\u0131 takip su\u00e7unun bili\u015fim sistemleri ve bili\u015fim sistem a\u011flar\u0131 kullan\u0131larak internet vas\u0131tas\u0131 ile i\u015flenmesi durumunda siber su\u00e7 s\u00f6z konusu olur.<\/span><\/p>\n<p style=\"text-align: justify;\"><span style=\"font-family: helvetica, arial, sans-serif; font-size: 16px;\">Israrl\u0131 takip su\u00e7u iki se\u00e7imlik hareketle i\u015flenebilir. Bu hareketlerden biri fiziken takip etmek, di\u011feri temas kurmaya \u00e7al\u0131\u015fmak \u015feklindedir. Fiziki takibin mutlaka ma\u011fdurun pe\u015finden gitmek \u015feklinde ger\u00e7ekle\u015fmesi \u015fart de\u011fildir. Bunun yan\u0131 s\u0131ra, failin farkl\u0131 zaman ve mek\u00e2nlarda ma\u011fdurun kar\u015f\u0131s\u0131na \u00e7\u0131kmas\u0131, onun bulundu\u011fu ortamlarda yan\u0131na yakla\u015fmas\u0131 ve b\u00f6ylece kendisini s\u00fcrekli olarak ma\u011fdura g\u00f6r\u00fcn\u00fcr k\u0131lmaya \u00e7al\u0131\u015fmas\u0131 halinde de takip olgusu ger\u00e7ekle\u015fecektir. Bu kapsamda ma\u011fdurun bulundu\u011fu herhangi bir \u00f6zel veya kamusal alanda devaml\u0131 kar\u015f\u0131s\u0131na \u00e7\u0131kmak, evinin \u00f6n\u00fcnde beklemek, oturdu\u011fu mek\u00e2nda g\u00f6zetlemek, yan\u0131na yakla\u015fmak fiziki takip olarak kabul edilebilecektir.<\/span><\/p>\n<p style=\"text-align: justify;\"><span style=\"font-family: helvetica, arial, sans-serif; font-size: 16px;\">Su\u00e7un di\u011fer se\u00e7imlik hareketi haberle\u015fme ve ileti\u015fim ara\u00e7lar\u0131n\u0131 veya bili\u015fim sistemlerini ya da \u00fc\u00e7\u00fcnc\u00fc ki\u015fileri kullanarak temas kurmaya \u00e7al\u0131\u015fmakt\u0131r. Fail, telefon veya e-posta yoluyla mesaj atarak, sosyal medya uygulamalar\u0131 \u00fczerinden takip iste\u011fi g\u00f6ndererek, yorum yaparak, payla\u015f\u0131mlarda bulunarak ya da bir \u00fc\u00e7\u00fcnc\u00fc ki\u015fiyi ma\u011fdur ile g\u00f6r\u00fc\u015fmek istedi\u011fini iletmesi i\u00e7in kullanarak bu su\u00e7u i\u015fleyebilir.<\/span><\/p>\n<p style=\"text-align: justify;\"><span style=\"font-family: helvetica, arial, sans-serif; font-size: 16px;\">Teknolojideki h\u0131zl\u0131 geli\u015fmeler, haberle\u015fme ve ileti\u015fim ara\u00e7lar\u0131 ve bili\u015fim sistemlerinin \u00e7ok yo\u011fun ve yayg\u0131n kullan\u0131m\u0131, bireylerin bu ara\u00e7lar \u00fczerinden ba\u011flant\u0131 kurmas\u0131n\u0131 ve birbirini takibini kolayla\u015ft\u0131rm\u0131\u015ft\u0131r. Ne var ki bu ara\u00e7lar, \u0131srarl\u0131 takip eylemlerinde de s\u0131kl\u0131kla kullan\u0131lmaktad\u0131r. \u00d6zellikle bili\u015fim sistemleri alan\u0131nda \u00fcretilen yeni ara\u00e7lar, faillerin ma\u011fdurla ileti\u015fime ge\u00e7me imk\u00e2n ve y\u00f6ntemlerini her ge\u00e7en g\u00fcn art\u0131rmaktad\u0131r. B\u00f6ylece mektup, faks, k\u0131sa mesaj veya e-posta g\u00f6nderme ya da telefon etmenin yan\u0131 s\u0131ra failler internet \u00fczerinden olu\u015fturulan programlar, uygulamalar ve sosyal mecralar arac\u0131l\u0131\u011f\u0131yla s\u00f6z konusu ileti\u015fimi kolayl\u0131kla sa\u011flayabilmektedir.<\/span><\/p>\n<p style=\"text-align: justify;\"><span style=\"font-family: helvetica, arial, sans-serif; font-size: 16px;\">Israrl\u0131 takipte su\u00e7un olu\u015fabilmesi i\u00e7in maddede belirtilen bu se\u00e7imlik hareketlerin \u0131srarl\u0131 bir bi\u00e7imde ger\u00e7ekle\u015ftirilmesi gerekir. Israr, bir d\u00fc\u015f\u00fcncede veya davran\u0131\u015fta ayak direme, \u00fcsteleme anlam\u0131na gelen bir s\u00f6zc\u00fck olup, maddede belirtilen hareketlerin tekrarlanarak yap\u0131lmas\u0131n\u0131 ifade etmektedir. <strong><em>Israr\u0131n varl\u0131\u011f\u0131 bak\u0131m\u0131ndan mutlaka ayn\u0131 hareketin m\u00fcteaddit defalar tekrarlanmas\u0131 \u015fart de\u011fildir.<\/em><\/strong> Fail maddede belirtilen se\u00e7imlik hareketlerden birini \u0131srarla tekrarlayabilece\u011fi gibi <strong><em>farkl\u0131 se\u00e7imlik hareketleri farkl\u0131 yer ve zamanlarda tekrarlamak suretiyle de \u0131srar iradesini g\u00f6sterebilir.<\/em><\/strong> H\u00e2kim, \u0131srar unsurunun ger\u00e7ekle\u015fip ger\u00e7ekle\u015fmedi\u011fini somut olay\u0131n \u015fartlar\u0131 \u00e7er\u00e7evesinde tespit edecektir.<\/span><\/p>\n<p style=\"text-align: justify;\"><span style=\"font-family: helvetica, arial, sans-serif; font-size: 16px;\">Takibin \u0131srarl\u0131 yap\u0131lmas\u0131 birden fazla hareket d\u0131\u015f\u0131nda belli bir devaml\u0131l\u0131\u011f\u0131 gerektirir. Devaml\u0131l\u0131ktan kas\u0131t hareketlerin ayn\u0131 zaman i\u00e7inde arka arkaya ger\u00e7ekle\u015fmesi de\u011fildir. \u00d6rne\u011fin, aralar\u0131nda husumet bulunan orta\u011f\u0131n\u0131 aray\u0131p, ula\u015famay\u0131nca mesaj atan ve daha sonra herhangi bir eylemde bulunmayan ki\u015fi \u0131srarl\u0131 takip su\u00e7unu i\u015flemi\u015f olmaz. Fakat failin bir g\u00fcn ma\u011fdura mesaj at\u0131p, \u00fc\u00e7 g\u00fcn sonra evinin \u00f6n\u00fcnde beklemesi, birka\u00e7 g\u00fcn sonra ma\u011fdurun i\u015f yerine arkada\u015flar\u0131n\u0131 g\u00f6ndererek mesaj iletmeye \u00e7al\u0131\u015fmas\u0131nda \u0131srarl\u0131 takip su\u00e7unun maddi unsurlar\u0131n\u0131n olu\u015ftu\u011funun kabul\u00fc gerekir.<\/span><\/p>\n<p style=\"text-align: justify;\"><span style=\"font-family: helvetica, arial, sans-serif; font-size: 16px;\">Israrl\u0131 takip su\u00e7unun T\u00fcrk Ceza Yasas\u0131na yeni bir su\u00e7 t\u00fcr\u00fc olarak ilk defa girmesi ve ilgili maddenin yeni d\u00fczenlenmesi, CMK&#8217;n\u0131n 286\/2.maddesi h\u00fck\u00fcmlerini nazara ald\u0131\u011f\u0131m\u0131zda \u0131srarl\u0131 takip su\u00e7unun B\u00f6lge Adliye Mahkemelerinde kesinle\u015fen su\u00e7lardan olmas\u0131 nedeniyle bu konuda hen\u00fcz bir Yarg\u0131tay karar\u0131na yer verilememi\u015ftir. Ancak Yarg\u0131tay&#8217;\u0131n TCK&#8217;n\u0131n 123\/A. maddesinde d\u00fczenlenen \u0131srarl\u0131 takip su\u00e7u da de\u011ferlendirilip sonucuna g\u00f6re san\u0131\u011f\u0131n hukuki durumunun tayin ve takdir edilmesi gerekti\u011fi gerek\u00e7esi ile bozdu\u011fu kararlar vard\u0131r. Yine T\u00fcrk Ceza Kanunu\u2019nun 123. maddesinde d\u00fczenlenen ki\u015filerin huzur ve s\u00fck\u00fbnunu bozma su\u00e7undaki \u0131srar unsuruna ili\u015fkin de Yarg\u0131tay\u2019\u0131n verdi\u011fi kararlar bulunmaktad\u0131r. Yarg\u0131tay 14. Ceza Dairesi\u2019nin 2016\/9046 Esas, 2021\/920 Karar numaral\u0131 karar\u0131nda, san\u0131\u011f\u0131n olay tarihinde kat\u0131lana g\u00f6nderdi\u011fi d\u00f6rt adet mesaj\u0131 \u0131srarla mesaj g\u00f6nderme \u015feklinde de\u011ferlendirerek ki\u015filerin huzur ve s\u00fck\u00fbnunu bozma su\u00e7unu olu\u015fturdu\u011fu; Yarg\u0131tay 14. Ceza Dairesi\u2019nin 2016\/11704 Esas, 2019\/12488 Karar numaral\u0131 bir ba\u015fka karar\u0131nda, san\u0131\u011f\u0131n ma\u011fduru k\u00fc\u00e7\u00fckl\u00fc\u011f\u00fcnden beri takip ederek aral\u0131klarla arkada\u015fl\u0131k teklif etti\u011fi, ma\u011fdurun olumsuz yan\u0131t vermesine ra\u011fmen \u0131srarl\u0131 \u015fekilde tekliflerine devam etti\u011fi ve HTS kay\u0131tlar\u0131nda mesajla\u015fma ve telefon g\u00f6r\u00fc\u015fmelerinin mevcut oldu\u011fu olayda ki\u015filerin huzur ve s\u00fck\u00fbnunu bozma su\u00e7unun olu\u015ftu\u011fu; yine Yarg\u0131tay 14. Ceza Dairesi\u2019nin 2016\/3279 Esas, 2019\/9664 Karar numaral\u0131 karar\u0131nda, san\u0131\u011f\u0131n su\u00e7 tarihinden \u00f6nce kat\u0131lan\u0131n cep telefonuna de\u011fi\u015fik tarihlerde mesajlar g\u00f6nderip g\u00f6r\u00fc\u015fmeler yapt\u0131\u011f\u0131 ve su\u00e7 tarihinde sokakta \u0131srarla takip etti\u011fi olayda san\u0131\u011f\u0131n eylemlerinin ki\u015filerin huzur ve s\u00fck\u00fbnunu bozma su\u00e7unu olu\u015fturdu\u011fu kabul edilmi\u015ftir.<\/span><\/p>\n<p style=\"text-align: justify;\"><span style=\"font-family: helvetica, arial, sans-serif; font-size: 16px;\">Ayr\u0131ca bu su\u00e7un olu\u015fabilmesi i\u00e7in \u0131srarl\u0131 takip fiilinin ma\u011fdurun \u00fczerinde ciddi bir huzursuzluk olu\u015fturmas\u0131na ya da kendisinin veya yak\u0131nlar\u0131ndan birinin g\u00fcvenli\u011finden endi\u015fe duymas\u0131na neden olmas\u0131 gerekir. Bu durum somut olayda h\u00e2kim taraf\u0131ndan belirlenecektir. Bu belirleme yap\u0131l\u0131rken \u0131srar fiilinin nicelik ve nitelik itibar\u0131yla ma\u011fdur \u00fczerinde ciddi bir huzursuzluk olu\u015fturmas\u0131na ya da kendisi veya yak\u0131nlar\u0131ndan birinin g\u00fcvenli\u011finden endi\u015fe duymas\u0131na elveri\u015fli olup olmad\u0131\u011f\u0131na bak\u0131lacakt\u0131r.<\/span><\/p>\n<p style=\"text-align: justify;\"><span style=\"font-family: helvetica, arial, sans-serif; font-size: 16px;\"><strong><em>Israrl\u0131 takip fiilinde ma\u011fdur bizzat kendi g\u00fcvenli\u011finden endi\u015fe duyabildi\u011fi gibi failin \u0131srarla tekrarlanan bu davran\u0131\u015flar\u0131 nedeniyle yak\u0131nlar\u0131ndan birinin g\u00fcvenli\u011finden de endi\u015fe duyabilmektedir.<\/em><\/strong> Fail ma\u011fdur \u00fczerinde kurmaya \u00e7al\u0131\u015ft\u0131\u011f\u0131 bask\u0131 nedeniyle kimi zaman ma\u011fdurun yak\u0131nlar\u0131n\u0131 da hedef alarak hareket etmektedir. Failin, takip etti\u011fi d\u00fc\u015f\u00fcncesini vermek veya kendisiyle g\u00f6r\u00fc\u015fmeye ikna etmek amac\u0131yla ma\u011fdurun babas\u0131n\u0131n i\u015f yerine ait foto\u011fraflar\u0131 \u00e7ekip ma\u011fdura g\u00f6ndermesi buna \u00f6rnek olarak g\u00f6sterilebilir.<\/span><\/p>\n<p style=\"text-align: justify;\"><span style=\"font-family: helvetica, arial, sans-serif; font-size: 16px;\">Bu su\u00e7un \u00e7ocu\u011fa, ayr\u0131l\u0131k karar\u0131 verilen veya bo\u015fand\u0131\u011f\u0131 e\u015fe kar\u015f\u0131 i\u015flenmesi, ma\u011fdurun okulunu, i\u015f yerini, konutunu de\u011fi\u015ftirmesine ya da okulunu veya i\u015fini b\u0131rakmas\u0131na neden olmas\u0131, hakk\u0131nda uzakla\u015ft\u0131rma ya da konuta, okula veya i\u015f yerine yakla\u015fmama tedbirine karar verilen fail taraf\u0131ndan i\u015flenmesi halleri daha a\u011f\u0131r cezay\u0131 gerektiren nitelikli hal olarak d\u00fczenlenmi\u015ftir. Kanun koyucu \u0131srarl\u0131 takip su\u00e7unu d\u00fczenlerken, bili\u015fim sistemlerini kullanarak temas kurmaya \u00e7al\u0131\u015fma eylemlerini su\u00e7un temel unsurlar\u0131na d\u00e2hil etmi\u015ftir. <strong><em>Siber \u0131srarl\u0131 takipte<\/em><\/strong> <strong><em>fail \u00f6zellikle internetin sa\u011flad\u0131\u011f\u0131 gizlilik ve anonimlikten yararlanmaktad\u0131r.<\/em><\/strong> Kimlik gizlili\u011fi sa\u011fland\u0131\u011f\u0131nda bu su\u00e7u i\u015flemek daha kolay olacakt\u0131r. Bunun yan\u0131 s\u0131ra, internet ve bili\u015fim sistemleri \u00fczerinde payla\u015f\u0131lan ki\u015fisel verilerin ne kadar fazla oldu\u011fu ka\u00e7\u0131n\u0131lmaz bir ger\u00e7ektir. Su\u00e7un faili ma\u011fdur hakk\u0131ndaki ki\u015fisel ve \u00f6zel verilere bir t\u0131kla kolayca ula\u015fabilmektedir. Bunlara ek olarak fail ma\u011fdur hakk\u0131nda s\u00f6ylentiler yayarak ma\u011fdur \u00fczerinde ciddi bir huzursuzluk olu\u015fturmaya \u00e7al\u0131\u015fabilir. Bili\u015fim sistemleri kullan\u0131ld\u0131\u011f\u0131nda bu s\u00f6ylentiler \u00e7ok daha h\u0131zl\u0131 ve kolayca yay\u0131labilir, ayr\u0131ca bu s\u00f6ylentilerin yap\u0131ld\u0131\u011f\u0131 payla\u015f\u0131mlar ar\u015fivlenerek y\u0131llarca eri\u015fime a\u00e7\u0131k halde kalmaya devam edebilir.<\/span><\/p>\n<p style=\"text-align: justify;\"><span style=\"font-family: helvetica, arial, sans-serif; font-size: 16px;\">7406 say\u0131l\u0131 Kanun ile \u0131srarl\u0131 takip su\u00e7una ili\u015fkin yap\u0131lan bir di\u011fer d\u00fczenleme de 5271 say\u0131l\u0131 Ceza Muhakemesi Kanunu\u2019nun 234. ve 239. maddelerinde yap\u0131lan de\u011fi\u015fikliklerdir. Ma\u011fdur ile \u015fik\u00e2yet\u00e7inin haklar\u0131n\u0131n d\u00fczenlendi\u011fi 234. maddeye g\u00f6re, soru\u015fturma veya kovu\u015fturma evresinde, ma\u011fdur ile \u015fik\u00e2yet\u00e7inin vekili bulunmamas\u0131 halinde, belli su\u00e7lar bak\u0131m\u0131ndan baro taraf\u0131ndan kendisine avukat g\u00f6revlendirilmesini isteme hakk\u0131 bulunmaktad\u0131r. Yap\u0131lan de\u011fi\u015fiklikle ma\u011fdur ile \u015fik\u00e2yet\u00e7i, madde metninde say\u0131lan bu su\u00e7lar\u0131n yan\u0131 s\u0131ra <strong><em>\u0131srarl\u0131 takip su\u00e7u ve kad\u0131na kar\u015f\u0131 i\u015flenen kasten yaralama, i\u015fkence veya eziyet su\u00e7lar\u0131 bak\u0131m\u0131ndan da kendisine barodan avukat g\u00f6revlendirilmesini isteyebilir.<\/em><\/strong> Ayn\u0131 \u015fekilde, kat\u0131lan\u0131n haklar\u0131n\u0131n d\u00fczenlendi\u011fi 239. maddeye g\u00f6re, ma\u011fdur veya su\u00e7tan zarar g\u00f6renin davaya kat\u0131ld\u0131\u011f\u0131nda, belli su\u00e7lar bak\u0131m\u0131ndan baro taraf\u0131ndan kendisine avukat g\u00f6revlendirilmesini isteme hakk\u0131 bulunmaktad\u0131r. Yap\u0131lan de\u011fi\u015fiklikle kat\u0131lan, madde metninde say\u0131lan bu su\u00e7lar\u0131n yan\u0131 s\u0131ra \u0131srarl\u0131 takip su\u00e7u ve kad\u0131na kar\u015f\u0131 i\u015flenen kasten yaralama, i\u015fkence veya eziyet su\u00e7lar\u0131 bak\u0131m\u0131ndan da kendisine barodan avukat g\u00f6revlendirilmesini isteyebilir.<\/span><\/p>\n<p style=\"text-align: justify;\"><span style=\"font-family: helvetica, arial, sans-serif; font-size: 16px;\">Israrl\u0131 takip su\u00e7u, T\u00fcrk Ceza Kanunu\u2019nun 123. maddesinde d\u00fczenlenen ki\u015filerin huzur ve s\u00fck\u00fbnunu bozma su\u00e7unun \u00f6zel bir hali olarak 123\/A maddesinde d\u00fczenlenmi\u015ftir. Israrl\u0131 takip su\u00e7unun olu\u015fabilmesi i\u00e7in failin kasten hareket etmesi yeterlidir. Israrl\u0131 takip fiilini hangi ama\u00e7la ger\u00e7ekle\u015ftirdi\u011finin su\u00e7un olu\u015fmas\u0131 bak\u0131m\u0131ndan bir \u00f6nemi bulunmamaktad\u0131r. Ki\u015filerin huzur ve s\u00fck\u00fbnunu bozma su\u00e7undan farkl\u0131 olarak, \u0131srarl\u0131 takip su\u00e7unda failin <strong>\u201c<em>s\u0131rf huzur ve s\u00fck\u00fbnu bozma maksad\u0131yla<\/em>\u201d<\/strong> hareket etmesi unsuru aranmamaktad\u0131r. Yine \u0131srarl\u0131 takip su\u00e7u, zarar su\u00e7u olarak d\u00fczenlendi\u011finden, tehlike su\u00e7u olarak d\u00fczenlenmi\u015f olan 123. maddedeki su\u00e7tan ayr\u0131lmaktad\u0131r.<\/span><\/p>\n<p style=\"text-align: justify;\"><span style=\"font-family: helvetica, arial, sans-serif; font-size: 16px;\">Israrl\u0131 takip su\u00e7u, 123. maddede yer alan su\u00e7un \u00f6zel bir \u015feklini olu\u015fturdu\u011fundan bu su\u00e7un olu\u015ftu\u011fu durumlarda 123. madde uyar\u0131nca i\u015flem yap\u0131lamayacakt\u0131r. Ancak belirtmek gerekir ki, \u0131srarl\u0131 takip su\u00e7unun i\u015flenmesi s\u0131ras\u0131nda ma\u011fdura y\u00f6nelik ger\u00e7ekle\u015ftirilen fiillerin ba\u015fka bir su\u00e7 olu\u015fturmas\u0131 halinde fail, su\u00e7 te\u015fkil eden bu fiillerden de cezaland\u0131r\u0131labilecektir. Yani \u0131srarl\u0131 takip eylemleri s\u0131ras\u0131nda ma\u011fdura y\u00f6nelik olarak ger\u00e7ekle\u015ftirilen hareketlerden bir veya birka\u00e7\u0131n\u0131n hakaret veya tehdit su\u00e7unu olu\u015fturmas\u0131 durumunda \u0131srarl\u0131 takip su\u00e7u ile birlikte i\u015flenen bu su\u00e7lardan dolay\u0131 da fail ayr\u0131ca cezaland\u0131r\u0131lmal\u0131d\u0131r.<\/span><\/p>\n<p style=\"text-align: justify;\"><span style=\"font-family: helvetica, arial, sans-serif; font-size: 16px;\">Kanun koyucunun, \u0131srarl\u0131 takip fiillerinin devam\u0131n\u0131n daha a\u011f\u0131r ve farkl\u0131 su\u00e7 tiplerinin habercisi oldu\u011fu ger\u00e7e\u011fi \u00fczerinden, ki\u015filerin huzur ve s\u00fck\u00fbnunu bozma su\u00e7una oranla cezalar\u0131 art\u0131rarak, \u0131srarl\u0131 takip su\u00e7unu T\u00fcrk Ceza Kanunu\u2019nda ba\u015fl\u0131 ba\u015f\u0131na bir su\u00e7 tipi olarak d\u00fczenlemesiyle, ma\u011fdura y\u00f6nelik huzursuz edici eylemlerin daha a\u011f\u0131r su\u00e7lara d\u00f6n\u00fc\u015fmeden engellenmesi ama\u00e7lanm\u0131\u015f ve b\u00fcy\u00fck \u00e7o\u011funlu\u011fu kad\u0131nlardan olu\u015fan \u0131srarl\u0131 takip ma\u011fdurlar\u0131 koruma alt\u0131na al\u0131nm\u0131\u015ft\u0131r. \u00d6zellikle kad\u0131na y\u00f6nelik \u015fiddet i\u00e7eren su\u00e7lar i\u015flenmeden \u00f6nce \u0131srarl\u0131 takip fiilleriyle etkin m\u00fccadele edilmesi ve ma\u011fdurlar\u0131n korunmas\u0131 hedeflenmi\u015ftir.[2]<\/span><\/p>\n<p style=\"text-align: justify;\"><span style=\"font-family: helvetica, arial, sans-serif; font-size: 12px;\">[1] Yarg\u0131tay 9.Ceza Dairesi 29.12.2022 tarih, 2022\/12556 esas, 2022\/12283 karar<\/span><\/p>\n<p style=\"text-align: justify;\"><span style=\"font-family: helvetica, arial, sans-serif; font-size: 12px;\">\u00a0Yarg\u0131tay 9.Ceza Dairesi 23.09.2022 tarih, 2022\/2686 esas, 2022\/7747 karar<\/span><\/p>\n<p style=\"text-align: justify;\"><span style=\"font-family: helvetica, arial, sans-serif; font-size: 12px;\">[2] Madde gerek\u00e7esi<\/span><\/p>\n","protected":false},"excerpt":{"rendered":"<p>12 May\u0131s 2022 tarihinde kabul edilen 7406 Say\u0131l\u0131 T\u00fcrk Ceza Kanunu ve Baz\u0131 Kanunlarda De\u011fi\u015fiklik Yap\u0131lmas\u0131na Dair Kanun, 27 May\u0131s 2022 tarihinde Resmi Gazete\u2019de yay\u0131mlanarak y\u00fcr\u00fcrl\u00fc\u011fe girmi\u015f olup, bu kanun ile 5237 say\u0131l\u0131 T\u00fcrk Ceza Kanununda m\u00fcnhas\u0131r bir su\u00e7 tipi olarak \u0131srarl\u0131 takip su\u00e7u d\u00fczenlenmi\u015ftir. T\u00fcrk Ceza Kanunu\u2019ndaki \u0131srarl\u0131 takip su\u00e7u d\u00fczenlemesinin temel amac\u0131, \u00f6zellikle<\/p>\n<p class=\"more-link\"><a href=\"https:\/\/didemyeldan.com\/?page_id=386\" class=\"themebutton2\">Read More<\/a><\/p>\n","protected":false},"author":1,"featured_media":0,"parent":331,"menu_order":4,"comment_status":"closed","ping_status":"closed","template":"","meta":[],"_links":{"self":[{"href":"https:\/\/didemyeldan.com\/index.php?rest_route=\/wp\/v2\/pages\/386"}],"collection":[{"href":"https:\/\/didemyeldan.com\/index.php?rest_route=\/wp\/v2\/pages"}],"about":[{"href":"https:\/\/didemyeldan.com\/index.php?rest_route=\/wp\/v2\/types\/page"}],"author":[{"embeddable":true,"href":"https:\/\/didemyeldan.com\/index.php?rest_route=\/wp\/v2\/users\/1"}],"replies":[{"embeddable":true,"href":"https:\/\/didemyeldan.com\/index.php?rest_route=%2Fwp%2Fv2%2Fcomments&post=386"}],"version-history":[{"count":7,"href":"https:\/\/didemyeldan.com\/index.php?rest_route=\/wp\/v2\/pages\/386\/revisions"}],"predecessor-version":[{"id":398,"href":"https:\/\/didemyeldan.com\/index.php?rest_route=\/wp\/v2\/pages\/386\/revisions\/398"}],"up":[{"embeddable":true,"href":"https:\/\/didemyeldan.com\/index.php?rest_route=\/wp\/v2\/pages\/331"}],"wp:attachment":[{"href":"https:\/\/didemyeldan.com\/index.php?rest_route=%2Fwp%2Fv2%2Fmedia&parent=386"}],"curies":[{"name":"wp","href":"https:\/\/api.w.org\/{rel}","templated":true}]}}