{"id":550,"date":"2024-07-17T07:38:28","date_gmt":"2024-07-17T07:38:28","guid":{"rendered":"https:\/\/didemyeldan.com\/?page_id=550"},"modified":"2024-07-17T07:40:21","modified_gmt":"2024-07-17T07:40:21","slug":"basit-yargilama-usulu-ve-seri-muhakeme-usulunun-cinsel-suclardaki-uygulama-alani","status":"publish","type":"page","link":"https:\/\/didemyeldan.com\/?page_id=550","title":{"rendered":"Basit Yarg\u0131lama Usul\u00fc ve Seri Muhakeme Usul\u00fcn\u00fcn Cinsel Su\u00e7lardaki Uygulama Alan\u0131"},"content":{"rendered":"\n<p style=\"text-align: justify;\"><span style=\"font-family: arial, helvetica, sans-serif; font-size: 16px;\">17.10.2019 tarih ve 7188 say\u0131l\u0131 yasan\u0131n 23 ve 24. maddeleri ile d\u00fczenlenen basit ve seri muhakeme usul\u00fc bak\u0131m\u0131ndan;<\/span><\/p>\n<p style=\"text-align: justify;\"><span style=\"font-family: arial, helvetica, sans-serif; font-size: 16px;\">Basit\u00a0yarg\u0131lama\u00a0usul\u00fc<strong>;<\/strong> belirli a\u011f\u0131rl\u0131\u011fa ula\u015fmam\u0131\u015f su\u00e7lar bak\u0131m\u0131ndan, duru\u015fma yap\u0131lmaks\u0131z\u0131n, yaz\u0131l\u0131 beyan\u00a0ve savunma\u00a0esas\u0131na dayanan, baz\u0131\u00a0yarg\u0131lama prosed\u00fcrlerinin yer almad\u0131\u011f\u0131, yarg\u0131 makamlar\u0131na emek ve vakit tasarrufu sa\u011flayan bir yarg\u0131lama usul\u00fcd\u00fcr.<\/span><\/p>\n<p style=\"text-align: justify;\"><span style=\"font-family: arial, helvetica, sans-serif; font-size: 16px;\">5271 Say\u0131l\u0131 Ceza\u00a0Muhakemesi Yasas\u0131n\u0131n 7188 say\u0131l\u0131 yasan\u0131n 24. maddesi ile yeniden d\u00fczenlenen 251\/1. maddesinde Asliye ceza\u00a0mahkemesince, iddianamenin kabul\u00fcnden sonra adli para cezas\u0131n\u0131 ve\/veya \u00fcst s\u0131n\u0131r\u0131 iki y\u0131l veya daha\u00a0az s\u00fcreli hapis cezas\u0131n\u0131 gerektiren su\u00e7larda basit\u00a0yarg\u0131lama\u00a0usul\u00fcn\u00fcn uygulanmas\u0131na karar\u00a0verilebilece\u011fi d\u00fczenlenmi\u015ftir.<\/span><\/p>\n<p style=\"text-align: justify;\"><span style=\"font-family: arial, helvetica, sans-serif; font-size: 16px;\"><strong><em>Bu durumda 5237 say\u0131l\u0131 T\u00fcrk Ceza<\/em><\/strong><strong><em>\u00a0Kanun<\/em><\/strong><strong><em>unun 105\/1-1. maddesinde d\u00fczenlenen 18 ya\u015f\u0131ndan b\u00fcy\u00fck<\/em><\/strong><strong><em>\u00a0ma\u011fdurlara kar\u015f\u0131<\/em><\/strong><strong><em>\u00a0i\u015flenen cinsel<\/em><\/strong><strong><em>\u00a0taciz<\/em><\/strong><strong><em>\u00a0su\u00e7u d\u0131\u015f\u0131ndaki cinsel su\u00e7lar\u0131n tamam\u0131 basit<\/em><\/strong><strong><em>\u00a0yarg\u0131lama<\/em><\/strong><strong><em>\u00a0usul\u00fcn\u00fcn kapsam\u0131 d\u0131\u015f\u0131ndad\u0131r.<\/em><\/strong><\/span><\/p>\n<p style=\"text-align: justify;\"><span style=\"font-family: arial, helvetica, sans-serif; font-size: 16px;\">Ancak re\u015fit olmayanla cinsel\u00a0ili\u015fki su\u00e7u bak\u0131m\u0131ndan 28.06.2014 tarih ve 6545 say\u0131l\u0131 Kanun\u00a0de\u011fi\u015fikli\u011finden \u00f6nceki 5237 say\u0131l\u0131 TCK&#8217;n\u0131n 104\/1. maddesinde \u00f6ng\u00f6r\u00fclen ceza\u00a0miktar\u0131 alt\u0131 aydan iki y\u0131la kadar hapis cezas\u0131 oldu\u011fundan, \u00f6ng\u00f6r\u00fclen cezan\u0131n \u00fcst s\u0131n\u0131r\u0131n\u0131n iki y\u0131l hapis cezas\u0131n\u0131 ge\u00e7memesi nedeniyle <strong><em>28.06.2014 tarihinden \u00f6nce i\u015flenen<\/em><\/strong> re\u015fit olmayanla cinsel ili\u015fki su\u00e7lar\u0131nda san\u0131\u011f\u0131n lehine olan yasa h\u00fckm\u00fc nazara al\u0131nd\u0131\u011f\u0131nda basit\u00a0yarg\u0131lama\u00a0usul\u00fcn\u00fcn uygulanmas\u0131 m\u00fcmk\u00fcnd\u00fcr.<\/span><\/p>\n<p style=\"text-align: justify;\"><span style=\"font-family: arial, helvetica, sans-serif; font-size: 16px;\">Basit\u00a0yarg\u0131lama\u00a0usul\u00fc, ya\u015f k\u00fc\u00e7\u00fckl\u00fc\u011f\u00fc, ak\u0131l hastal\u0131\u011f\u0131, sa\u011f\u0131r ve dilsizlik hallerinde, soru\u015fturma veya kovu\u015fturma\u00a0yap\u0131lmas\u0131 izne ya da talebe ba\u011fl\u0131\u00a0olan su\u00e7lar hakk\u0131nda, uygulanmaz. Davan\u0131n karma\u015f\u0131k (\u00f6rn: delillerin tart\u0131\u015f\u0131lmas\u0131n\u0131n gerekli) oldu\u011fu de\u011ferlendirilen durumlarda, bu kapsama giren bir su\u00e7un, kapsama girmeyen ba\u015fka\u00a0bir su\u00e7la birlikte\u00a0i\u015flenmi\u015f olmas\u0131 hallerinde uygulanmaz<\/span><\/p>\n<p style=\"text-align: justify;\"><span style=\"font-family: arial, helvetica, sans-serif; font-size: 16px;\">Basit\u00a0yarg\u0131lama\u00a0usul\u00fcne tabi su\u00e7lar\u0131n asliye ceza\u00a0mahkemelerinin g\u00f6rev alan\u0131na giren su\u00e7lar olmalar\u0131 ve 5271 Say\u0131l\u0131 Ceza\u00a0Muhakemesi Yasas\u0131n\u0131n 7188 say\u0131l\u0131 yasan\u0131n 24. maddesi ile yeniden d\u00fczenlenen 251\/1. maddesinde Asliye ceza mahkemesince bu usul\u00fcn uygulanmas\u0131na karar\u00a0verilebilece\u011fi d\u00fczenlendi\u011finden, bu usul kural\u0131n\u0131n uygulamas\u0131 g\u00f6revi asliye ceza mahkemelerine aittir. Ancak baz\u0131\u00a0istisnai durumlar s\u00f6z konusu olabilir. Mesela; TCK&#8217;n\u0131n 257. maddesinde d\u00fczenlenen g\u00f6revi k\u00f6t\u00fcye kullanma su\u00e7u basit\u00a0yarg\u0131lama usul\u00fcn\u00fcn kapsam\u0131na giren bir su\u00e7\u00a0olmas\u0131na ve bu su\u00e7tan dolay\u0131 yarg\u0131lama yapma g\u00f6revinin asliye ceza mahkemelerine ait olmas\u0131na ra\u011fmen, g\u00f6revi k\u00f6t\u00fcye kullanma su\u00e7unun avukatlar taraf\u0131ndan i\u015flenmesi halinde avukatlar\u0131n a\u011f\u0131r ceza mahkemelerinde yarg\u0131lanmalar\u0131 gerekti\u011finden, kanun\u00a0ise basit yarg\u0131lama usul\u00fcnde a\u00e7\u0131k\u00e7a asliye ceza mahkemelerini g\u00f6revli\u00a0k\u0131ld\u0131\u011f\u0131ndan bu durumda a\u011f\u0131r ceza mahkemelerinde basit yarg\u0131lama usul\u00fcn\u00fcn uygulanamayaca\u011f\u0131n\u0131 d\u00fc\u015f\u00fcn\u00fcyoruz.<\/span><\/p>\n<p style=\"text-align: justify;\"><span style=\"font-family: arial, helvetica, sans-serif; font-size: 16px;\">Basit\u00a0yarg\u0131lama\u00a0usul\u00fcn\u00fcn uygulanmas\u0131na h\u00e2kim karar\u00a0verir. \u0130ddianamenin kabul\u00fcnden sonra tensiple karar verilebilir. Basit yarg\u0131lama usul\u00fcn\u00fcn uyguland\u0131\u011f\u0131 durumlarda mahk\u00fbmiyet\u00a0karar\u0131 verildi\u011fi takdirde sonu\u00e7\u00a0ceza\u00a0d\u00f6rtte bir oran\u0131nda indirilir. Ayr\u0131ca mahkeme\u00a0her a\u015famada basit\u00a0yarg\u0131lama usul\u00fcn\u00fcn uygulanmas\u0131ndan vazge\u00e7ebilir. Bu durumda duru\u015fma a\u00e7\u0131larak genel h\u00fck\u00fcmlere g\u00f6re yarg\u0131lamaya devam edilir.<\/span><\/p>\n<p style=\"text-align: justify;\"><a name=\"_Toc166056623\"><\/a><span style=\"font-family: arial, helvetica, sans-serif; font-size: 16px;\">Seri muhakeme usul\u00fc ise; kanunda a\u00e7\u0131k\u00e7a d\u00fczenlenen su\u00e7larla s\u0131n\u0131rl\u0131 olarak yine kanunda belirtilen\u00a0ko\u015fullarda uygulanabilecek istisnai bir muhakeme y\u00f6ntemi olup, 5271 Say\u0131l\u0131 Ceza\u00a0Muhakemesi Yasas\u0131n\u0131n 7188 say\u0131l\u0131 yasan\u0131n 23. maddesi ile yeniden d\u00fczenlenen 250\/1 maddesinde T\u00fcrk Ceza Kanununda yer alan su\u00e7lardan hangilerinin seri muhakeme usul\u00fc kapsam\u0131na girdi\u011fi tek tek belirtildi\u011finden, cinsel\u00a0su\u00e7lar bu su\u00e7lar aras\u0131nda yer almad\u0131\u011f\u0131ndan cinsel su\u00e7larda seri muhakeme usul\u00fcn\u00fcn uygulanmas\u0131 m\u00fcmk\u00fcn de\u011fildir.<\/span><\/p>\n<p style=\"text-align: justify;\"><span style=\"font-family: arial, helvetica, sans-serif; font-size: 16px;\">7188 say\u0131l\u0131 Kanun\u00a0Ge\u00e7ici md 5\/1-c ve d gere\u011fince; 250\u2019nci maddede d\u00fczenlenen seri muhakeme usul\u00fc ile 251 ve 252\u2019nci maddelerde d\u00fczenlenen basit\u00a0yarg\u0131lama\u00a0usul\u00fcne ili\u015fkin h\u00fck\u00fcmler, 01\/01\/2020 tarihinden itibaren uygulan\u0131r. 01\/01\/2020 tarihi itibar\u0131yla kovu\u015fturma\u00a0evresine ge\u00e7ilmi\u015f, h\u00fckme ba\u011flanm\u0131\u015f veya kesinle\u015fmi\u015f\u00a0dosyalarda seri muhakeme usul\u00fc ile basit yarg\u0131lama usul\u00fc uygulanmaz.<\/span><\/p>\n<p style=\"text-align: justify;\"><span style=\"font-family: arial, helvetica, sans-serif; font-size: 16px;\">Ancak; 19.08.2020 tarih ve 31218 say\u0131l\u0131 resmi gazetede yay\u0131mlanan 2020\/16 esas, 2020\/33 karar say\u0131l\u0131 ve 25.06.2020 tarihli Anayasa Mahkemesi karar\u0131 ile 5271 say\u0131l\u0131 ceza muhakemesi kanununa 7188 say\u0131l\u0131 kanunla eklenen ge\u00e7ici 5. maddenin d. bendinde yer alan \u201c\u2026kovu\u015fturma evresine ge\u00e7ilmi\u015f \u2026\u201d ibaresinin ayn\u0131 bentte yer alan \u201c\u2026 basit yarg\u0131lama usul\u00fc \u2026\u201d y\u00f6n\u00fcnden anayasaya ayk\u0131r\u0131 oldu\u011funa ve iptaline karar verilmi\u015ftir.<\/span><\/p>\n<p style=\"text-align: justify;\"><span style=\"font-family: arial, helvetica, sans-serif; font-size: 16px;\">\u00d6te yandan 7188 say\u0131l\u0131 Ceza Muhakemesi Kanunu ve Baz\u0131 Kanunlarda De\u011fi\u015fiklik Yap\u0131lmas\u0131na Dair Kanunun 19. maddesi ile kamu davas\u0131n\u0131 a\u00e7mada takdir yetkisini d\u00fczenleyen 5271 say\u0131l\u0131 Kanunun 171. maddesine eklenen 6. f\u0131kras\u0131nda kamu davas\u0131n\u0131n a\u00e7\u0131lmas\u0131n\u0131n ertelenmesi m\u00fcessesesinin uygulanamayaca\u011f\u0131 su\u00e7lar s\u0131n\u0131rl\u0131 olarak say\u0131lm\u0131\u015f ve <strong><em>cinsel<\/em><\/strong><strong><em>\u00a0dokunulmazl\u0131\u011fa kar\u015f\u0131 su\u00e7lar bak\u0131m\u0131ndan da Cumhuriyet Savc\u0131s\u0131n\u0131n kamu davas\u0131n\u0131n a\u00e7\u0131lmas\u0131n\u0131n ertelenmesi karar\u0131 veremeyece\u011fi a\u00e7\u0131k\u00e7a d\u00fczenlenmi\u015ftir.<\/em><\/strong><\/span><\/p>\n<p style=\"text-align: justify;\"><span style=\"font-size: 16px;\"><strong><span style=\"font-family: arial, helvetica, sans-serif;\">9. <\/span><\/strong><strong style=\"font-family: arial, helvetica, sans-serif; color: initial;\">Ceza Dairesi 21.02.2024 tarih, 2021\/15282 esas<\/strong><strong style=\"font-family: arial, helvetica, sans-serif; color: initial;\">, 2024\/1443 karar<\/strong><\/span><\/p>\n<p style=\"text-align: justify;\"><span style=\"font-family: arial, helvetica, sans-serif; font-size: 16px;\"><strong>&#8220;<\/strong>\u2026 1. Olu\u015fa uygun kabule g\u00f6re san\u0131\u011f\u0131n i\u015fledi\u011fi kabul edilen eylemin su\u00e7 tarihi itibar\u0131yla lehe say\u0131l\u0131p, 6545 say\u0131l\u0131 Kanun de\u011fi\u015fikli\u011finden \u00f6nceki 5237 say\u0131l\u0131 Kanun&#8217;un 104 \u00fcnc\u00fc maddesinin ikinci f\u0131kras\u0131nda d\u00fczenlenen re\u015fit olmayanla cinsel\u00a0ili\u015fki su\u00e7unu olu\u015fturup, <strong><em>\u00f6ng\u00f6r\u00fclen<\/em><\/strong> <strong><em>cezan\u0131n \u00fcst s\u0131n\u0131r\u0131n\u0131n iki y\u0131l veya daha az s\u00fcreli hapis cezas\u0131n\u0131 gerektirmesi ve<\/em><\/strong> Mahkemece mahkumiyet h\u00fckm\u00fc kurulmas\u0131n\u0131n ard\u0131ndan 17.10.2019 tarihinde y\u00fcr\u00fcrl\u00fc\u011fe giren 7188 say\u0131l\u0131 Kanun&#8217;la yeniden d\u00fczenlenen 5271 say\u0131l\u0131 Kanun&#8217;un 251 inci maddesindeki basit yarg\u0131lama usul\u00fcne dair kanuni d\u00fczenlemeden sonra 7188 say\u0131l\u0131 Kanun&#8217;un ge\u00e7ici 5 inci maddesinin\u00a0 birinci f\u0131kras\u0131n\u0131n (c) bendine y\u00f6nelik olarak 19.08.2020 g\u00fcnl\u00fc, 31218 say\u0131l\u0131 Resm\u00ee Gazete\u2019de yay\u0131mlanarak y\u00fcr\u00fcrl\u00fc\u011fe giren Anayasa Mahkemesinin 25.06.2020 tarih ve 2020\/16 Esas, 2020\/33 Karar say\u0131l\u0131 karar\u0131 ile 5271 say\u0131l\u0131 Kanun&#8217;a 7188 say\u0131l\u0131 Kanun&#8217;un 31 inci maddesiyle eklenen ge\u00e7ici 5 inci maddesinin (d) bendinde yer alan \u201cKovu\u015fturma evresine ge\u00e7ilmi\u015f\u201d ibaresinin, ayn\u0131 bentte yer alan \u201cBasit yarg\u0131lama usul\u00fc\u201d y\u00f6n\u00fcnden Anayasa&#8217;ya ayk\u0131r\u0131 bulunarak iptal edilmesi kar\u015f\u0131s\u0131nda, an\u0131lan karara istinaden san\u0131\u011f\u0131n hukuki durumunun yeniden de\u011ferlendirilmesinde zorunluluk bulunmas\u0131\u2026<strong>&#8220;<\/strong><\/span><\/p>\n<p style=\"text-align: justify;\"><span style=\"font-size: 16px;\"><strong><span style=\"font-family: arial, helvetica, sans-serif;\">9. <\/span><\/strong><strong style=\"font-family: arial, helvetica, sans-serif; color: initial;\">Ceza Dairesi 21.02.2024 tarih, 2023\/7420 esas<\/strong><strong style=\"font-family: arial, helvetica, sans-serif; color: initial;\">, 2024\/1441 karar<\/strong><\/span><\/p>\n<p style=\"text-align: justify;\"><span style=\"font-family: arial, helvetica, sans-serif; font-size: 16px;\"><strong>&#8220;<\/strong>\u2026 San\u0131\u011f\u0131n i\u015fledi\u011fi kabul edilen eylemin su\u00e7 tarihi itibar\u0131yla lehe say\u0131l\u0131p, 6545 say\u0131l\u0131 Kanun de\u011fi\u015fikli\u011finden \u00f6nceki 5237 say\u0131l\u0131 Kanun&#8217;un 105 inci maddesinin birinci f\u0131kras\u0131nda d\u00fczenlenen cinsel\u00a0taciz\u00a0su\u00e7unu olu\u015fturup, <strong><em>\u00f6ng\u00f6r\u00fclen<\/em><\/strong> <strong><em>cezan\u0131n \u00fcst s\u0131n\u0131r\u0131n\u0131n iki y\u0131l veya daha az s\u00fcreli hapis cezas\u0131n\u0131 gerektirmesi ve <\/em><\/strong>Mahkemece mahkumiyet h\u00fckm\u00fc kurulmas\u0131n\u0131n ard\u0131ndan 17.10.2019 tarihinde y\u00fcr\u00fcrl\u00fc\u011fe giren 7188 say\u0131l\u0131 Kanun&#8217;la yeniden d\u00fczenlenen 5271 say\u0131l\u0131 Kanun&#8217;un 251 inci maddesindeki basit yarg\u0131lama usul\u00fcne dair kanuni d\u00fczenlemeden sonra 7188 say\u0131l\u0131 Kanun&#8217;un ge\u00e7ici 5 inci maddesinin\u00a0 birinci f\u0131kras\u0131n\u0131n (c) bendine y\u00f6nelik olarak 19.08.2020 g\u00fcnl\u00fc, 31218 say\u0131l\u0131 Resm\u00ee Gazete\u2019de yay\u0131mlanarak y\u00fcr\u00fcrl\u00fc\u011fe giren Anayasa Mahkemesinin 25.06.2020 tarihli ve 2020\/16 Esas, 2020\/33 Karar say\u0131l\u0131 karar\u0131 ile 5271 say\u0131l\u0131 Kanun&#8217;a 7188 say\u0131l\u0131 Kanun&#8217;un 31 inci maddesiyle eklenen ge\u00e7ici 5 inci maddesinin (d) bendinde yer alan \u201cKovu\u015fturma evresine ge\u00e7ilmi\u015f\u201d ibaresinin, ayn\u0131 bentte yer alan \u201cBasit yarg\u0131lama usul\u00fc\u201d y\u00f6n\u00fcnden Anayasa&#8217;ya ayk\u0131r\u0131 bulunarak iptal edilmesi kar\u015f\u0131s\u0131nda, an\u0131lan karara istinaden san\u0131\u011f\u0131n hukuki durumunun yeniden de\u011ferlendirilmesinde zorunluluk bulunmas\u0131 nedeniyle hukuka ayk\u0131r\u0131 bulunmu\u015ftur\u2026<strong>&#8220;<\/strong><\/span><\/p>\n<p style=\"text-align: justify;\"><span style=\"font-size: 16px;\"><strong><span style=\"font-family: arial, helvetica, sans-serif;\">9. <\/span><\/strong><strong style=\"font-family: arial, helvetica, sans-serif; color: initial;\">Ceza Dairesi 22.12.2022 tarih, 2021\/14462 esas, 2022\/11903 karar<\/strong><\/span><\/p>\n<p style=\"text-align: justify;\"><span style=\"font-family: arial, helvetica, sans-serif; font-size: 16px;\"><strong>&#8220;<\/strong>\u2026 San\u0131\u011f\u0131n eyleminin su\u00e7 tarihi itibar\u0131yla lehe say\u0131l\u0131p, 6545 say\u0131l\u0131 Kanun de\u011fi\u015fikli\u011finden \u00f6nceki 5237 say\u0131l\u0131 TCK\u2019n\u0131n 105\/1., 105\/2-son maddesinde d\u00fczenlenen cinsel\u00a0taciz\u00a0su\u00e7unu olu\u015fturup, \u00f6ng\u00f6r\u00fclen <strong><em>cezan\u0131n \u00fcst s\u0131n\u0131r\u0131n\u0131n iki y\u0131l veya daha az s\u00fcreli hapis cezas\u0131n\u0131 gerektirmesi ve <\/em><\/strong>mahkemece mahkumiyet h\u00fckm\u00fc kurulmas\u0131n\u0131n ard\u0131ndan 17.10.2019 tarihinde y\u00fcr\u00fcrl\u00fc\u011fe giren 7188 say\u0131l\u0131 Kanunla yeniden d\u00fczenlenen 5271 say\u0131l\u0131 CMK\u2019n\u0131n 251. maddesindeki basit yarg\u0131lama usul\u00fcne dair kanuni d\u00fczenlemeden sonra 7188 say\u0131l\u0131 Kanunun ge\u00e7ici 5. maddesinin 1\/c bendine y\u00f6nelik olarak 19.08.2020 g\u00fcnl\u00fc, 31218 say\u0131l\u0131 Resmi Gazete\u2019de yay\u0131mlanarak y\u00fcr\u00fcrl\u00fc\u011fe giren Anayasa Mahkemesinin 25.06.2020 tarih ve 2020\/16 Esas-2020\/33 say\u0131l\u0131 Karar\u0131 ile 5271 say\u0131l\u0131 Ceza Muhakemesi Kanununa 7188 say\u0131l\u0131 Kanunun 31. maddesiyle eklenen ge\u00e7ici 5. maddesinin (d) bendinde yer alan \u201cKovu\u015fturma evresine ge\u00e7ilmi\u015f\u201d ibaresinin, ayn\u0131 bentte yer alan \u201cBasit yarg\u0131lama usul\u00fc\u201d y\u00f6n\u00fcnden Anayasaya ayk\u0131r\u0131 bulunarak iptal edilmesi kar\u015f\u0131s\u0131nda, an\u0131lan karara istinaden san\u0131\u011f\u0131n hukuki durumunun yeniden de\u011ferlendirilmesinde zorunluluk bulunmas\u0131\u2026<strong>&#8220;<\/strong><\/span><\/p>\n<p style=\"text-align: justify;\"><span style=\"font-size: 16px;\"><strong><span style=\"font-family: arial, helvetica, sans-serif;\">14. <\/span><\/strong><strong style=\"font-family: arial, helvetica, sans-serif; color: initial;\">Ceza Dairesi 08.06.2021 tarih, 2017\/3045 esas, 2021\/4145 karar<\/strong><\/span><\/p>\n<p style=\"text-align: justify;\"><span style=\"font-family: arial, helvetica, sans-serif; font-size: 16px;\"><strong>&#8220;<\/strong>\u2026 San\u0131\u011f\u0131n i\u015fledi\u011fi kabul edilen cinsel\u00a0taciz\u00a0su\u00e7unun<strong><em> \u00fcst s\u0131n\u0131r\u0131n\u0131n iki y\u0131l veya daha az s\u00fcreli hapis cezas\u0131n\u0131 gerektirmesi ve<\/em><\/strong> mahkemece mahk\u00fbmiyet h\u00fckm\u00fc kurulmas\u0131n\u0131n ard\u0131ndan 17.10.2019 tarihinde y\u00fcr\u00fcrl\u00fc\u011fe giren 7188 say\u0131l\u0131 Kanunla yeniden d\u00fczenlenen 5271 say\u0131l\u0131 CMK\u2019n\u0131n 251. maddesindeki basit yarg\u0131lama usul\u00fcne dair kanuni d\u00fczenlemeden sonra 7188 say\u0131l\u0131 Kanunun ge\u00e7ici 5. maddesinin 1\/c bendine y\u00f6nelik olarak 19.08.2020 g\u00fcnl\u00fc, 31218 say\u0131l\u0131 Resmi Gazete\u2019de yay\u0131mlanarak y\u00fcr\u00fcrl\u00fc\u011fe giren Anayasa Mahkemesinin 25.06.2020 tarih ve 2020\/16 Esas-2020\/33 say\u0131l\u0131 Karar\u0131 ile 5271 say\u0131l\u0131 Ceza Muhakemesi Kanununa 7188 say\u0131l\u0131 Kanunun 31. maddesiyle eklenen ge\u00e7ici 5. maddesinin (d) bendinde yer alan \u201ckovu\u015fturma evresine ge\u00e7ilmi\u015f\u201d ibaresinin, ayn\u0131 bentte yer alan \u201cbasit yarg\u0131lama usul\u00fc\u201d y\u00f6n\u00fcnden Anayasaya ayk\u0131r\u0131 bulunarak iptal edilmesi kar\u015f\u0131s\u0131nda, an\u0131lan karara istinaden san\u0131\u011f\u0131n hukuki durumunun yeniden de\u011ferlendirilmesinde zorunluluk bulunmas\u0131\u2026<strong>&#8220;<\/strong><\/span><\/p>\n<p style=\"text-align: justify;\"><span style=\"font-size: 16px;\"><span style=\"font-family: arial, helvetica, sans-serif;\"><strong>9.<\/strong> <\/span><strong style=\"font-family: arial, helvetica, sans-serif; color: initial;\">Ceza Dairesi 22.12.2022 tarih, 2021\/12209 esas<\/strong><strong style=\"font-family: arial, helvetica, sans-serif; color: initial;\">, 2022\/11869 karar<\/strong><\/span><\/p>\n<p style=\"text-align: justify;\"><span style=\"font-family: arial, helvetica, sans-serif; font-size: 16px;\"><strong>&#8220;<\/strong>\u2026 San\u0131\u011f\u0131n i\u015fledi\u011fi eylemin su\u00e7 tarihi itibar\u0131yla lehe say\u0131l\u0131p, <strong><u>6545 say\u0131l\u0131 Kanun de\u011fi\u015fikli\u011finden \u00f6nceki <\/u>5237 say\u0131l\u0131 TCK\u2019n\u0131n 104\/1. maddesinde d\u00fczenlenen re\u015fit olmayanla cinsel<\/strong><strong>\u00a0ili\u015fki su\u00e7unu olu\u015fturup<\/strong>, <strong><em>\u00f6ng\u00f6r\u00fclen cezan\u0131n \u00fcst s\u0131n\u0131r\u0131n\u0131n iki y\u0131l veya daha az s\u00fcreli hapis cezas\u0131n\u0131 gerektirmesi<\/em><\/strong> ve mahkemece mahkumiyet h\u00fckm\u00fc kurulmas\u0131n\u0131n ard\u0131ndan 17.10.2019 tarihinde y\u00fcr\u00fcrl\u00fc\u011fe giren 7188 say\u0131l\u0131 Kanunla yeniden d\u00fczenlenen 5271 say\u0131l\u0131 CMK\u2019n\u0131n 251. maddesindeki basit yarg\u0131lama usul\u00fcne dair kanuni d\u00fczenlemeden sonra 7188 say\u0131l\u0131 Kanunun ge\u00e7ici 5. maddesinin 1\/c bendine y\u00f6nelik olarak 19.08.2020 g\u00fcnl\u00fc, 31218 say\u0131l\u0131 Resmi Gazete\u2019de yay\u0131mlanarak y\u00fcr\u00fcrl\u00fc\u011fe giren Anayasa Mahkemesinin 25.06.2020 tarih ve 2020\/16 Esas-2020\/33 say\u0131l\u0131 Karar\u0131 ile 5271 say\u0131l\u0131 Ceza Muhakemesi Kanununa 7188 say\u0131l\u0131 Kanunun 31. maddesiyle eklenen ge\u00e7ici 5. maddesinin (d) bendinde yer alan \u201cKovu\u015fturma evresine ge\u00e7ilmi\u015f\u201d ibaresinin, ayn\u0131 bentte yer alan \u201cBasit yarg\u0131lama usul\u00fc\u201d y\u00f6n\u00fcnden Anayasaya ayk\u0131r\u0131 bulunarak iptal edilmesi kar\u015f\u0131s\u0131nda, an\u0131lan karara istinaden san\u0131\u011f\u0131n hukuki durumunun yeniden de\u011ferlendirilmesinde zorunluluk bulunmas\u0131\u2026<strong>&#8220;<\/strong><\/span><\/p>\n<p style=\"text-align: justify;\"><span style=\"font-size: 16px;\"><strong><span style=\"font-family: arial, helvetica, sans-serif;\">14. <\/span><\/strong><strong style=\"font-family: arial, helvetica, sans-serif; color: initial;\">Ceza Dairesi 23.02.2021 tarih, 2016\/10502 esas<\/strong><strong style=\"font-family: arial, helvetica, sans-serif; color: initial;\">, 2021\/1388 karar<\/strong><\/span><\/p>\n<p style=\"text-align: justify;\"><span style=\"font-family: arial, helvetica, sans-serif; font-size: 16px;\">&#8220;\u2026 San\u0131\u011f\u0131n i\u015fledi\u011fi kabul edilen eyleminin su\u00e7\u00a0tarihi itibar\u0131yla lehe say\u0131l\u0131p, <strong><em><u>6545 say\u0131l\u0131 Kanun<\/u><\/em><\/strong><strong><em><u>\u00a0de\u011fi\u015fikli\u011finden \u00f6nceki<\/u><\/em><\/strong><strong><em> 5237 say\u0131l\u0131 TCK&#8217;n\u0131n 104\/1. maddesinde d\u00fczenlenen re\u015fit olmayanla cinsel<\/em><\/strong><strong><em>\u00a0ili\u015fki su\u00e7unu olu\u015fturup, \u00f6ng\u00f6r\u00fclen cezan\u0131n \u00fcst s\u0131n\u0131r\u0131n\u0131n iki y\u0131l veya daha<\/em><\/strong><strong><em>\u00a0az s\u00fcreli hapis cezas\u0131n\u0131 gerektirmesi<\/em><\/strong> ve mahkemece mahk\u00fbmiyet h\u00fckm\u00fc kurulmas\u0131n\u0131n ard\u0131ndan 17.10.2019 tarihinde y\u00fcr\u00fcrl\u00fc\u011fe giren 7188 say\u0131l\u0131 Kanunla yeniden d\u00fczenlenen 5271 say\u0131l\u0131 CMK\u2019n\u0131n 251. maddesindeki basit\u00a0yarg\u0131lama\u00a0usul\u00fcne dair kanuni d\u00fczenlemeden sonra 7188 say\u0131l\u0131 Kanunun ge\u00e7ici 5. maddesinin 1\/c bendine y\u00f6nelik olarak 19.08.2020 g\u00fcnl\u00fc, 31218 say\u0131l\u0131 Resmi Gazete\u2019de yay\u0131mlanarak y\u00fcr\u00fcrl\u00fc\u011fe giren Anayasa Mahkemesinin 25.06.2020 tarih ve 2020\/16 Esas-2020\/33 say\u0131l\u0131 Karar\u0131 ile 5271 say\u0131l\u0131 Ceza\u00a0Muhakemesi Kanununa 7188 say\u0131l\u0131 Kanunun 31. maddesiyle eklenen ge\u00e7ici 5. maddesinin (d) bendinde yer alan \u201ckovu\u015fturma\u00a0evresine ge\u00e7ilmi\u015f\u201d ibaresinin, ayn\u0131\u00a0bentte yer alan \u201cbasit yarg\u0131lama usul\u00fc\u201d y\u00f6n\u00fcnden Anayasaya ayk\u0131r\u0131 bulunarak iptal edilmesi kar\u015f\u0131s\u0131nda, an\u0131lan karara istinaden san\u0131\u011f\u0131n hukuki\u00a0durumunun yeniden de\u011ferlendirilmesinde zorunluluk bulunmas\u0131\u2026&#8221;<\/span><\/p>\n<p style=\"text-align: justify;\">\u00a0<\/p>\n<p style=\"text-align: justify;\">\u00a0<\/p>\n<p style=\"text-align: justify;\">\u00a0<\/p>\n","protected":false},"excerpt":{"rendered":"<p>17.10.2019 tarih ve 7188 say\u0131l\u0131 yasan\u0131n 23 ve 24. maddeleri ile d\u00fczenlenen basit ve seri muhakeme usul\u00fc bak\u0131m\u0131ndan; Basit\u00a0yarg\u0131lama\u00a0usul\u00fc; belirli a\u011f\u0131rl\u0131\u011fa ula\u015fmam\u0131\u015f su\u00e7lar bak\u0131m\u0131ndan, duru\u015fma yap\u0131lmaks\u0131z\u0131n, yaz\u0131l\u0131 beyan\u00a0ve savunma\u00a0esas\u0131na dayanan, baz\u0131\u00a0yarg\u0131lama prosed\u00fcrlerinin yer almad\u0131\u011f\u0131, yarg\u0131 makamlar\u0131na emek ve vakit tasarrufu sa\u011flayan bir yarg\u0131lama usul\u00fcd\u00fcr. 5271 Say\u0131l\u0131 Ceza\u00a0Muhakemesi Yasas\u0131n\u0131n 7188 say\u0131l\u0131 yasan\u0131n 24. maddesi ile yeniden<\/p>\n<p class=\"more-link\"><a href=\"https:\/\/didemyeldan.com\/?page_id=550\" class=\"themebutton2\">Read More<\/a><\/p>\n","protected":false},"author":1,"featured_media":0,"parent":331,"menu_order":0,"comment_status":"closed","ping_status":"closed","template":"","meta":[],"_links":{"self":[{"href":"https:\/\/didemyeldan.com\/index.php?rest_route=\/wp\/v2\/pages\/550"}],"collection":[{"href":"https:\/\/didemyeldan.com\/index.php?rest_route=\/wp\/v2\/pages"}],"about":[{"href":"https:\/\/didemyeldan.com\/index.php?rest_route=\/wp\/v2\/types\/page"}],"author":[{"embeddable":true,"href":"https:\/\/didemyeldan.com\/index.php?rest_route=\/wp\/v2\/users\/1"}],"replies":[{"embeddable":true,"href":"https:\/\/didemyeldan.com\/index.php?rest_route=%2Fwp%2Fv2%2Fcomments&post=550"}],"version-history":[{"count":2,"href":"https:\/\/didemyeldan.com\/index.php?rest_route=\/wp\/v2\/pages\/550\/revisions"}],"predecessor-version":[{"id":624,"href":"https:\/\/didemyeldan.com\/index.php?rest_route=\/wp\/v2\/pages\/550\/revisions\/624"}],"up":[{"embeddable":true,"href":"https:\/\/didemyeldan.com\/index.php?rest_route=\/wp\/v2\/pages\/331"}],"wp:attachment":[{"href":"https:\/\/didemyeldan.com\/index.php?rest_route=%2Fwp%2Fv2%2Fmedia&parent=550"}],"curies":[{"name":"wp","href":"https:\/\/api.w.org\/{rel}","templated":true}]}}