{"id":579,"date":"2024-06-04T13:03:51","date_gmt":"2024-06-04T13:03:51","guid":{"rendered":"https:\/\/didemyeldan.com\/?page_id=579"},"modified":"2025-09-10T18:49:28","modified_gmt":"2025-09-10T18:49:28","slug":"yeni-cikanlar-cinsel-dokunulmazliga-karsi-suclar","status":"publish","type":"page","link":"https:\/\/didemyeldan.com\/?page_id=579","title":{"rendered":"C\u0130NSEL DOKUNULMAZLI\u011eA KAR\u015eI SU\u00c7LAR"},"content":{"rendered":"\n<div class=\"wp-block-media-text alignwide is-stacked-on-mobile is-vertically-aligned-top\" style=\"grid-template-columns:40% auto\"><figure class=\"wp-block-media-text__media\"><img decoding=\"async\" loading=\"lazy\" width=\"1599\" height=\"1600\" src=\"https:\/\/didemyeldan.com\/wp-content\/uploads\/cinsel-dokunulmazliga-karsi-suclar.jpg\" alt=\"\" class=\"wp-image-580 size-full\" srcset=\"https:\/\/didemyeldan.com\/wp-content\/uploads\/cinsel-dokunulmazliga-karsi-suclar.jpg 1599w, https:\/\/didemyeldan.com\/wp-content\/uploads\/cinsel-dokunulmazliga-karsi-suclar-300x300.jpg 300w, https:\/\/didemyeldan.com\/wp-content\/uploads\/cinsel-dokunulmazliga-karsi-suclar-1024x1024.jpg 1024w, https:\/\/didemyeldan.com\/wp-content\/uploads\/cinsel-dokunulmazliga-karsi-suclar-150x150.jpg 150w, https:\/\/didemyeldan.com\/wp-content\/uploads\/cinsel-dokunulmazliga-karsi-suclar-768x768.jpg 768w, https:\/\/didemyeldan.com\/wp-content\/uploads\/cinsel-dokunulmazliga-karsi-suclar-1536x1536.jpg 1536w\" sizes=\"(max-width: 1599px) 100vw, 1599px\" \/><\/figure><div class=\"wp-block-media-text__content\">\n\n\n<p style=\"text-align: justify;\"><span style=\"font-family: helvetica, arial, sans-serif; font-size: 16px;\">Kitapta; cinsel dokunulmazl\u0131\u011fa kar\u015f\u0131 i\u015flenen, cinsel sald\u0131r\u0131, \u00e7ocuklar\u0131n cinsel istismar\u0131, re\u015fit olmayanla cinsel ili\u015fki, cinsel taciz su\u00e7lar\u0131 ve \u00e7o\u011funlukla bu su\u00e7larla birlikte i\u015flendi\u011fi g\u00f6r\u00fclen ki\u015fiyi h\u00fcrriyetinden yoksun k\u0131lma su\u00e7lar\u0131 incelenmi\u015ftir. Bu su\u00e7lar ile ilgili son Yarg\u0131tay kararlar\u0131 ve uygulamas\u0131, s\u0131kl\u0131kla g\u00f6r\u00fclen bozma nedenleri payla\u015f\u0131lm\u0131\u015f, bunlar ile ilgili de\u011ferlendirmeler yap\u0131lm\u0131\u015ft\u0131r. Uygulamadaki g\u00f6r\u00fc\u015f farkl\u0131l\u0131klar\u0131na, \u00f6zel dairenin kabul\u00fcne ve Yarg\u0131tay Ceza Genel Kuruluna intikal etmi\u015f olan uyu\u015fmazl\u0131klarda Genel Kurulun g\u00f6r\u00fc\u015f ve kabul\u00fcne yer verilmi\u015ftir.<\/span><\/p>\n<p style=\"text-align: justify;\"><span style=\"font-family: helvetica, arial, sans-serif; font-size: 16px;\">Yarg\u0131tay Cumhuriyet Ba\u015fsavc\u0131l\u0131\u011f\u0131n\u0131n onama ve bozma istemli tebli\u011fnamelerinde, CMK\u2019n\u0131n 308. maddesine g\u00f6re ba\u015fvurdu\u011fu ola\u011fan\u00fcst\u00fc itiraz yolunda dikkat edilen hususlar ve uygulama ile ilgili p\u00fcf noktalar\u0131 kararlar\u0131n alt\u0131ndaki <strong>&#8220;<\/strong>NOT<strong>&#8220;<\/strong> k\u0131s\u0131mlar\u0131nda a\u00e7\u0131klanm\u0131\u015ft\u0131r.<\/span><\/p>\n<p style=\"text-align: justify;\"><span style=\"font-family: helvetica, arial, sans-serif; font-size: 16px;\">Kitab\u0131n alt\u0131nc\u0131 b\u00f6l\u00fcm\u00fcnde basit yarg\u0131lama usul\u00fc ve seri muhakeme usul\u00fcn\u00fcn cinsel su\u00e7lardaki uygulama alan\u0131, son k\u0131sm\u0131nda ise bu su\u00e7lar ile ilgili \u00f6nemli usul kurallar\u0131 ve bunlar ile ilgili Yarg\u0131tay kararlar\u0131 payla\u015f\u0131lm\u0131\u015f ve de\u011ferlendirilmi\u015ftir.<\/span><\/p>\n<p style=\"text-align: justify;\"><span style=\"font-family: helvetica, arial, sans-serif; font-size: 16px;\">Kitap ayn\u0131 zamanda T\u00fcrkiye Adalet Akademisi <strong>&#8220;<\/strong>Cinsel Dokunulmazl\u0131\u011fa Kar\u015f\u0131 Su\u00e7lar<strong>&#8220;<\/strong> dersi mod\u00fclleri de incelenerek ders m\u00fcfredat\u0131na uygun olarak d\u00fczenlenmi\u015ftir.<\/span><\/p>\n<p style=\"text-align: justify;\"><span style=\"font-family: helvetica, arial, sans-serif; font-size: 16px;\">H\u00e2kim, savc\u0131, avukat, h\u00e2kim-savc\u0131 adaylar\u0131 ve t\u00fcm hukuk\u00e7ular\u0131n kolay kulan\u0131m\u0131n\u0131 sa\u011flamak amac\u0131 ile i\u00e7tihat ba\u015fl\u0131klar\u0131 haz\u0131rlanm\u0131\u015f ve bu ba\u015fl\u0131klara i\u00e7indekiler b\u00f6l\u00fcm\u00fcnde de yer verilmi\u015ftir. Bu \u015fekilde en son uygulaman\u0131n kolayca bulunmas\u0131 sa\u011flanm\u0131\u015ft\u0131r.<\/span><\/p>\n<p><span style=\"font-size: 16px; font-family: helvetica, arial, sans-serif;\"><a href=\"http:\/\/didemyeldan.com\/wp-content\/uploads\/ONSOZ.pdf\">\u00d6ns\u00f6z<\/a><\/span><\/p>\n<p><span style=\"font-size: 16px; font-family: helvetica, arial, sans-serif;\"><a href=\"http:\/\/didemyeldan.com\/wp-content\/uploads\/cinsel-dokunulmazliga-karsi-suclar-icindekiler-PDF.pdf\">\u0130\u00e7indekiler<\/a><\/span><\/p>\n<p><span style=\"font-size: 16px; font-family: helvetica, arial, sans-serif;\"><a href=\"https:\/\/www.adalet.com.tr\/cinsel-dokunulmazliga-karsi-suclar-27869\">Sat\u0131n al<\/a><\/span><\/p>\n<\/div><\/div>\n","protected":false},"excerpt":{"rendered":"","protected":false},"author":1,"featured_media":0,"parent":15,"menu_order":1,"comment_status":"closed","ping_status":"closed","template":"","meta":[],"_links":{"self":[{"href":"https:\/\/didemyeldan.com\/index.php?rest_route=\/wp\/v2\/pages\/579"}],"collection":[{"href":"https:\/\/didemyeldan.com\/index.php?rest_route=\/wp\/v2\/pages"}],"about":[{"href":"https:\/\/didemyeldan.com\/index.php?rest_route=\/wp\/v2\/types\/page"}],"author":[{"embeddable":true,"href":"https:\/\/didemyeldan.com\/index.php?rest_route=\/wp\/v2\/users\/1"}],"replies":[{"embeddable":true,"href":"https:\/\/didemyeldan.com\/index.php?rest_route=%2Fwp%2Fv2%2Fcomments&post=579"}],"version-history":[{"count":7,"href":"https:\/\/didemyeldan.com\/index.php?rest_route=\/wp\/v2\/pages\/579\/revisions"}],"predecessor-version":[{"id":637,"href":"https:\/\/didemyeldan.com\/index.php?rest_route=\/wp\/v2\/pages\/579\/revisions\/637"}],"up":[{"embeddable":true,"href":"https:\/\/didemyeldan.com\/index.php?rest_route=\/wp\/v2\/pages\/15"}],"wp:attachment":[{"href":"https:\/\/didemyeldan.com\/index.php?rest_route=%2Fwp%2Fv2%2Fmedia&parent=579"}],"curies":[{"name":"wp","href":"https:\/\/api.w.org\/{rel}","templated":true}]}}