{"id":685,"date":"2025-02-11T15:48:33","date_gmt":"2025-02-11T15:48:33","guid":{"rendered":"https:\/\/didemyeldan.com\/?page_id=685"},"modified":"2025-02-11T16:31:22","modified_gmt":"2025-02-11T16:31:22","slug":"yargitay-ceza-genel-kurulu-ceza-usul-hukuku-karar-ozetleri-3-baski","status":"publish","type":"page","link":"https:\/\/didemyeldan.com\/?page_id=685","title":{"rendered":"YARGITAY CEZA GENEL KURULU CEZA USUL HUKUKU KARAR \u00d6ZETLER\u0130 3. BASKI"},"content":{"rendered":"\n\n\n<div class=\"wp-block-media-text alignwide is-stacked-on-mobile is-vertically-aligned-top\" style=\"grid-template-columns:35% auto\"><figure class=\"wp-block-media-text__media\"><img decoding=\"async\" loading=\"lazy\" width=\"1000\" height=\"1000\" src=\"http:\/\/didemyeldan.com\/wp-content\/uploads\/WhatsApp-Gorsel-2025-02-11-saat-13.13.56_a96ad4bf.jpg\" alt=\"\" class=\"wp-image-689 size-full\" srcset=\"https:\/\/didemyeldan.com\/wp-content\/uploads\/WhatsApp-Gorsel-2025-02-11-saat-13.13.56_a96ad4bf.jpg 1000w, https:\/\/didemyeldan.com\/wp-content\/uploads\/WhatsApp-Gorsel-2025-02-11-saat-13.13.56_a96ad4bf-300x300.jpg 300w, https:\/\/didemyeldan.com\/wp-content\/uploads\/WhatsApp-Gorsel-2025-02-11-saat-13.13.56_a96ad4bf-150x150.jpg 150w, https:\/\/didemyeldan.com\/wp-content\/uploads\/WhatsApp-Gorsel-2025-02-11-saat-13.13.56_a96ad4bf-768x768.jpg 768w\" sizes=\"(max-width: 1000px) 100vw, 1000px\" \/><\/figure><div class=\"wp-block-media-text__content\">\n<p style=\"text-align: justify;\"><span style=\"font-size: 16px;\">T\u00fcm Ceza Usul Hukuku uygulamas\u0131na yol g\u00f6steren, y\u00f6n veren Yarg\u0131tay Ceza Genel Kurulu Kararlar\u0131na ula\u015fma ve ayn\u0131 t\u00fcr kararlar\u0131 bir araya getirmedeki g\u00fc\u00e7l\u00fck, baz\u0131 kararlarda birden fazla konunun incelenmi\u015f olmas\u0131, kararlar\u0131n uzunlu\u011fu nedeniyle arad\u0131\u011f\u0131n\u0131 bulamama, ana fikri anlamakta zorluk \u00e7ekme sorunlar\u0131n\u0131 ortadan kald\u0131ran bu kitapda; ayn\u0131 konudaki kararlar bir ba\u015fl\u0131k alt\u0131nda toplanarak, olay \u00f6zetlerine ve Ceza Genel Kurulunun konuyla ilgili usul hukukuna ili\u015fkin g\u00f6r\u00fc\u015flerine yer verilmi\u015f, Genel Kurulun g\u00f6r\u00fc\u015f de\u011fi\u015fikli\u011fi ve uygulamadaki farkl\u0131l\u0131klar, dikkat edilmesi gereken hususlar ise kararlar\u0131n alt\u0131ndaki notlar k\u0131sm\u0131nda a\u00e7\u0131klanm\u0131\u015ft\u0131r.<\/span><\/p>\n<p style=\"text-align: justify;\"><span style=\"font-size: 16px;\">Ceza Usul Hukuku uygulay\u0131c\u0131lar\u0131n\u0131n, h\u00e2kim savc\u0131lar\u0131n, h\u00e2kim savc\u0131 adaylar\u0131n\u0131n, avukatlar\u0131n, akademisyenlerin ve hukuk fak\u00fcltesi \u00f6\u011frencilerinin el kitab\u0131 olacak mahiyette uygulamaya y\u00f6nelik ve \u00f6zet bilgilerden olu\u015fmaktad\u0131r. Karar ba\u015fl\u0131klar\u0131 i\u00e7ermesi, \u00f6zetli ve notlu olmas\u0131 nedeniyle aran\u0131lan bilgiye ula\u015fma kolayl\u0131\u011f\u0131 sa\u011flamaktad\u0131r. Bilgilerin g\u00fcncel olmas\u0131 i\u00e7in 2020-2024 tarihli kararlar\u0131n tamam\u0131 taran\u0131p, incelenerek \u00f6zenle haz\u0131rlanm\u0131\u015ft\u0131r.<\/span><\/p>\n<p><a href=\"http:\/\/didemyeldan.com\/wp-content\/uploads\/ONSOZ1.pdf\"><span style=\"font-family: helvetica, arial, sans-serif; font-size: 16px;\">\u00d6ns\u00f6z\u00a0<\/span><\/a><\/p>\n<p><span style=\"font-size: 16px; font-family: helvetica, arial, sans-serif;\"><a href=\"http:\/\/didemyeldan.com\/wp-content\/uploads\/ICINDEKILER.pdf\">\u0130\u00e7indekiler<\/a><\/span><\/p>\n<p><span style=\"font-family: helvetica, arial, sans-serif; font-size: 16px;\"><a href=\"https:\/\/www.seckin.com.tr\/kitap\/469927944\">Sat\u0131n al<\/a><\/span><\/p>\n<\/div><\/div>\n","protected":false},"excerpt":{"rendered":"","protected":false},"author":1,"featured_media":0,"parent":15,"menu_order":0,"comment_status":"closed","ping_status":"closed","template":"","meta":[],"_links":{"self":[{"href":"https:\/\/didemyeldan.com\/index.php?rest_route=\/wp\/v2\/pages\/685"}],"collection":[{"href":"https:\/\/didemyeldan.com\/index.php?rest_route=\/wp\/v2\/pages"}],"about":[{"href":"https:\/\/didemyeldan.com\/index.php?rest_route=\/wp\/v2\/types\/page"}],"author":[{"embeddable":true,"href":"https:\/\/didemyeldan.com\/index.php?rest_route=\/wp\/v2\/users\/1"}],"replies":[{"embeddable":true,"href":"https:\/\/didemyeldan.com\/index.php?rest_route=%2Fwp%2Fv2%2Fcomments&post=685"}],"version-history":[{"count":7,"href":"https:\/\/didemyeldan.com\/index.php?rest_route=\/wp\/v2\/pages\/685\/revisions"}],"predecessor-version":[{"id":769,"href":"https:\/\/didemyeldan.com\/index.php?rest_route=\/wp\/v2\/pages\/685\/revisions\/769"}],"up":[{"embeddable":true,"href":"https:\/\/didemyeldan.com\/index.php?rest_route=\/wp\/v2\/pages\/15"}],"wp:attachment":[{"href":"https:\/\/didemyeldan.com\/index.php?rest_route=%2Fwp%2Fv2%2Fmedia&parent=685"}],"curies":[{"name":"wp","href":"https:\/\/api.w.org\/{rel}","templated":true}]}}