{"id":756,"date":"2025-09-10T18:24:45","date_gmt":"2025-09-10T18:24:45","guid":{"rendered":"https:\/\/didemyeldan.com\/?page_id=756"},"modified":"2025-09-10T19:37:51","modified_gmt":"2025-09-10T19:37:51","slug":"cinsel-dokunulmazliga-karsi-suclar-2-baski","status":"publish","type":"page","link":"https:\/\/didemyeldan.com\/?page_id=756","title":{"rendered":"\u00c7OCUKLARIN C\u0130NSEL \u0130ST\u0130SMARI SU\u00c7U TEMEL SORUNLAR VE \u00c7\u00d6Z\u00dcMLER\u0130 2. BASKI"},"content":{"rendered":"\r\n<div class=\"wp-block-media-text alignwide is-stacked-on-mobile is-vertically-aligned-top\" style=\"grid-template-columns: 40% auto;\">\r\n<figure class=\"wp-block-media-text__media\"><img decoding=\"async\" class=\"wp-image-580 size-full\" src=\"http:\/\/didemyeldan.com\/wp-content\/uploads\/WhatsApp-Gorsel-2025-09-10-saat-21.01.28_4c33a594.jpg\" alt=\"\" \/><\/figure>\r\n<div class=\"wp-block-media-text__content\">\r\n\r\n\r\n<p style=\"text-align: justify;\"><span style=\"font-family: helvetica, arial, sans-serif; font-size: 16px;\">Kitab\u0131n tamam\u0131 g\u00fcncellenmi\u015f bu ikinci bask\u0131s\u0131nda birinci bask\u0131dan farkl\u0131 olarak Yarg\u0131tay Ceza Genel Kurulu&#8217;nun ve bu su\u00e7lara bakan Yarg\u0131tay Ceza Dairelerinin konuyla ilgili 2024 ve 2025 tarihli en son \u00e7\u0131kan kararlar\u0131 ilgili b\u00f6l\u00fcmlere eklenmi\u015f, Yarg\u0131tay Ceza Genel Kurulu&#8217;nun ve Ceza Dairelerinin g\u00f6r\u00fc\u015f de\u011fi\u015fiklikleri ve uygulamadaki farkl\u0131 g\u00f6r\u00fc\u015fler b\u00f6l\u00fcm sonlar\u0131nda ve ilgili Ceza Dairesi kararlar\u0131n\u0131n hemen alt\u0131ndaki notlar k\u0131sm\u0131nda payla\u015f\u0131lm\u0131\u015ft\u0131r.<\/span><\/p>\r\n<p style=\"text-align: justify;\"><span style=\"font-family: helvetica, arial, sans-serif; font-size: 16px;\">\u00c7ocuklar\u0131n cinsel istismar\u0131 su\u00e7u ve \u00e7ocuklara kar\u015f\u0131 i\u015flenen di\u011fer cinsel su\u00e7lar ile bu su\u00e7lar\u0131n soru\u015fturma ve kovu\u015fturmalar\u0131nda dikkat edilecek hususlar, g\u00f6revli mahkemeler ve yarg\u0131lama usulleri, ma\u011fdurun muayenesi, dinlenmesi, teknik ara\u00e7larla yap\u0131lan kayd\u0131n yaz\u0131l\u0131 tutana\u011fa d\u00f6n\u00fc\u015ft\u00fcr\u00fclmesi zorunlulu\u011fu, ma\u011fdurun r\u0131zas\u0131n\u0131n ge\u00e7erli olup olmad\u0131\u011f\u0131, hangi hallerde ge\u00e7erli kabul edilmesi gerekti\u011fi, ma\u011fdurun ve failin anne babalar\u0131n\u0131n sorumluluk durumlar\u0131, erken evlilikler, ensest ili\u015fkiler, ma\u011fdurun su\u00e7 tarihindeki ya\u015f\u0131 konusunda \u015f\u00fcpheli bir durum varsa ne yap\u0131lmas\u0131 gerekti\u011fi ve nas\u0131l karar verilece\u011fi, san\u0131k hakk\u0131nda hata h\u00fck\u00fcmlerinin uygulanma ko\u015fullar\u0131, hangi hallerde uygulanabilece\u011fi, cinsel istismar ma\u011fdurlar\u0131n\u0131n haklar\u0131n\u0131n neler oldu\u011fu ve hangi imk\u00e2nlardan faydalanabilecekleri, zamana\u015f\u0131m\u0131 s\u00fcrelerinin ne kadar oldu\u011fu gibi temel \u00f6nemli sorunlar incelenmi\u015f, bunlar\u0131n \u00e7\u00f6z\u00fcmlerine ve ilgili g\u00fcncel Yarg\u0131tay kararlar\u0131na yer verilmi\u015ftir.<\/span><\/p>\r\n<p style=\"text-align: justify;\"><span style=\"font-family: helvetica, arial, sans-serif; font-size: 16px;\">\u0130\u015flenen su\u00e7 nedeniyle ma\u011fdurun gebeli\u011finin s\u00f6z konusu olmas\u0131 halinde ma\u011fdurun &#8220;su\u00e7 sonucu olu\u015fan gebeli\u011finin sonland\u0131r\u0131lmas\u0131n\u0131 isteme&#8221; hakk\u0131, bunun usul ve \u015fartlar\u0131, s\u00fcre\u00e7te gecikmelere neden olunmas\u0131 halinde ma\u011fduriyetin boyutlar\u0131n\u0131n b\u00fcy\u00fcmesi, telafisinin imk\u00e2ns\u0131z hale gelmesi, yasal d\u00fczenlemeler, ma\u011fdurlar\u0131n Anayasa mahkemesine ba\u015fvurmalar\u0131 halinde mahkemenin verdi\u011fi \u00f6rnek kararlar incelenmi\u015ftir.<\/span><\/p>\r\n<p style=\"text-align: justify;\"><span style=\"font-family: helvetica, arial, sans-serif; font-size: 16px;\">Kitaptan daha fazla ve kolay istifade edilebilmesi i\u00e7in i\u00e7tihat ba\u015fl\u0131klar\u0131 haz\u0131rlanm\u0131\u015f ve bu ba\u015fl\u0131klara i\u00e7indekiler b\u00f6l\u00fcm\u00fcnde de yer verilmi\u015ftir. Bu \u015fekilde konu ile ilgili en son uygulaman\u0131n kolayca bulunmas\u0131 ama\u00e7lanm\u0131\u015ft\u0131r.<\/span><\/p>\r\n<p><span style=\"font-size: 20px;\"><a href=\"http:\/\/didemyeldan.com\/wp-content\/uploads\/ONSOZ-2.pdf\">\u00d6ns\u00f6z<\/a><\/span><\/p>\r\n<p><span style=\"font-size: 20px;\"><a href=\"http:\/\/didemyeldan.com\/wp-content\/uploads\/ICINDEKILER-1.pdf\">\u0130\u00e7indekiler<\/a><\/span><\/p>\r\n<p><span style=\"font-size: 20px;\"><a href=\"https:\/\/adalet.com.tr\/cocuklarin-cinsel-istismari-sucu-temel-sorunlar-ve-cozumleri-30467\">Sat\u0131n Al<\/a><\/span><\/p>\r\n<\/div>\r\n<\/div>\r\n<!-- \/wp:media-text -->","protected":false},"excerpt":{"rendered":"","protected":false},"author":2,"featured_media":0,"parent":0,"menu_order":0,"comment_status":"closed","ping_status":"closed","template":"","meta":[],"_links":{"self":[{"href":"https:\/\/didemyeldan.com\/index.php?rest_route=\/wp\/v2\/pages\/756"}],"collection":[{"href":"https:\/\/didemyeldan.com\/index.php?rest_route=\/wp\/v2\/pages"}],"about":[{"href":"https:\/\/didemyeldan.com\/index.php?rest_route=\/wp\/v2\/types\/page"}],"author":[{"embeddable":true,"href":"https:\/\/didemyeldan.com\/index.php?rest_route=\/wp\/v2\/users\/2"}],"replies":[{"embeddable":true,"href":"https:\/\/didemyeldan.com\/index.php?rest_route=%2Fwp%2Fv2%2Fcomments&post=756"}],"version-history":[{"count":15,"href":"https:\/\/didemyeldan.com\/index.php?rest_route=\/wp\/v2\/pages\/756\/revisions"}],"predecessor-version":[{"id":800,"href":"https:\/\/didemyeldan.com\/index.php?rest_route=\/wp\/v2\/pages\/756\/revisions\/800"}],"wp:attachment":[{"href":"https:\/\/didemyeldan.com\/index.php?rest_route=%2Fwp%2Fv2%2Fmedia&parent=756"}],"curies":[{"name":"wp","href":"https:\/\/api.w.org\/{rel}","templated":true}]}}