{"id":821,"date":"2025-09-25T22:47:02","date_gmt":"2025-09-25T22:47:02","guid":{"rendered":"https:\/\/didemyeldan.com\/?page_id=821"},"modified":"2025-09-26T07:04:07","modified_gmt":"2025-09-26T07:04:07","slug":"uygulamada-cinsel-suclar-4-baski","status":"publish","type":"page","link":"https:\/\/didemyeldan.com\/?page_id=821","title":{"rendered":"UYGULAMADA C\u0130NSEL SU\u00c7LAR 4.BASKI"},"content":{"rendered":"\r\n<div class=\"wp-block-media-text alignwide is-stacked-on-mobile is-vertically-aligned-top\" style=\"grid-template-columns: 40% auto;\">\r\n<figure class=\"wp-block-media-text__media\"><img decoding=\"async\" class=\"wp-image-580 size-full\" src=\"http:\/\/didemyeldan.com\/wp-content\/uploads\/WhatsApp-Gorsel-2025-09-25-saat-10.53.11_d3dd2556.jpg\" alt=\"\" \/><\/figure>\r\n<div class=\"wp-block-media-text__content\">\r\n\r\n\r\n<p style=\"text-align: justify;\"><span style=\"font-family: helvetica, arial, sans-serif; font-size: 16px;\">Kitab\u0131n tamam\u0131 g\u00fcncellenmi\u015f bu d\u00f6rd\u00fcnc\u00fc bask\u0131s\u0131nda; konularla ilgili Yarg\u0131tay Ceza Genel Kurulu ve Ceza Dairelerinin, B\u00f6lge Adliye Mahkemelerinin son \u00e7\u0131kan kararlar\u0131 ilgili b\u00f6l\u00fcmlere eklenmi\u015f, cinsel sald\u0131r\u0131, \u00e7ocuklar\u0131n cinsel istismar\u0131, re\u015fit olmayanla cinsel ili\u015fki, cinsel taciz ve h\u00fcrriyetten yoksun k\u0131lma su\u00e7lar\u0131 bu kararlar \u0131\u015f\u0131\u011f\u0131nda a\u00e7\u0131klanm\u0131\u015ft\u0131r. \u0130ncelenen su\u00e7larla ilgili g\u00f6revli mahkemeler, yarg\u0131lama usulleri, ola\u011fan ve ola\u011fan\u00fcst\u00fc zamana\u015f\u0131m\u0131 s\u00fcreleri, benzer su\u00e7lar ile aralar\u0131ndaki farkl\u0131l\u0131klar, i\u015ftirak, te\u015febb\u00fcs ve tesels\u00fcl konular\u0131 incelenmi\u015f, olay de\u011ferlendirmeleri yap\u0131lm\u0131\u015ft\u0131r. Uygulamadaki g\u00f6r\u00fc\u015f de\u011fi\u015fikliklerine ve farkl\u0131 g\u00f6r\u00fc\u015flere yer verilmi\u015ftir.<\/span><\/p>\r\n<p style=\"text-align: justify;\"><span style=\"font-family: helvetica, arial, sans-serif; font-size: 16px;\">Anayasa Mahkemesi ve Avrupa \u0130nsan Haklar\u0131 Mahkemesinin bu konulara ili\u015fkin g\u00f6r\u00fc\u015flerini i\u00e7eren \u00f6rnek kararlar\u0131na, uygulamalar\u0131m\u0131z ile ilgili de\u011ferlendirmelerine ve kar\u015f\u0131la\u015ft\u0131rmalara yer verilmi\u015f, basit yarg\u0131lama usul\u00fc ve seri muhakeme usul\u00fcn\u00fcn cinsel su\u00e7lardaki uygulama alan\u0131, ceza yarg\u0131lamas\u0131nda Yarg\u0131tay&#8217;\u0131n temyiz denetiminin s\u0131n\u0131rlar\u0131 ve kapsam\u0131, Yarg\u0131tay Ceza Genel Kurulunun ve Ceza Dairelerinin Ceza Usul Hukukuna ili\u015fkin yarg\u0131lama s\u0131ras\u0131nda dikkat edilmesi gereken temel ilkeleri g\u00f6steren uygulamaya y\u00f6nelik kararlar\u0131na yer verilmi\u015ftir.<\/span><\/p>\r\n<\/div>\r\n<\/div>\r\n\r\n\r\n\r\n<blockquote class=\"wp-block-quote\">\r\n<p>&nbsp;<\/p>\r\n<cite>Ay\u015fenur G\u00fcven, \u00d6zgecan Aslan, M\u00fcnevver Karabulut, \u015eule \u00c7et, De\u011fer Deniz, Zehra Demir, Cansu Kaya, K\u00fcbra H\u0131rac\u0131, Aysel \u015eahin ve Hatice \u015eahin, Halil Bulut, Zekiye Keskin, Merve Kotan, Buket Y\u0131ld\u0131z, Zeynep H\u00fcs\u00fcnbey, Nebahat A., Rabia K., Nusret Cihan Rafi, Umut K. ve U\u011fur K., Helin Paland\u00f6ken, Dilara Kandak, Emine Bulut, B\u00fc\u015fra Karabacak ve Tu\u011f\u00e7e Y\u0131ld\u0131r\u0131m, G\u00fcne\u015f K.,Ahmet Emre Y\u0131ld\u0131r, Fatma Altun\u00f6z, Emani Arrahman, Asifa Bano, Alexsandra Macesanu, Valeria Kozlova, Marijke Van Dijk, Hanneke Adrichem, Suzanne Kranenburg, Sarrai Sierra, Lisa Eder, Amalia,\u2026..<br \/>\u2026\u2026.ve benzer kaderi payla\u015fan daha binlerce kurban\u0131n an\u0131s\u0131na\u2026\u2026 <\/cite><\/blockquote>\r\n\r\n<p><span style=\"font-size: 20px;\"><a href=\"http:\/\/didemyeldan.com\/wp-content\/uploads\/4.Baski-Onsoz.pdf\">\u00d6ns\u00f6z<\/a><\/span><\/p>\r\n<p><span style=\"font-size: 20px;\"><a href=\"http:\/\/didemyeldan.com\/wp-content\/uploads\/UCS-4.Baski-icindekiler-PDF.pdf\">\u0130\u00e7indekiler<\/a><\/span><\/p>\r\n<p><span style=\"font-size: 20px;\"><a href=\"https:\/\/www.seckin.com.tr\/kitap\/uygulamada-cinsel-suclar-didem-yeldan-s-p-334291321\">Sat\u0131n Al<\/a><\/span><\/p>\r\n<!-- \/wp:tadv\/classic-paragraph -->\r\n<p>&nbsp;<\/p>\r\n<!-- \/wp:tadv\/classic-paragraph -->\r\n<p>&nbsp;<\/p>\r\n<!-- \/wp:media-text -->","protected":false},"excerpt":{"rendered":"<p>&nbsp; Ay\u015fenur G\u00fcven, \u00d6zgecan Aslan, M\u00fcnevver Karabulut, \u015eule \u00c7et, De\u011fer Deniz, Zehra Demir, Cansu Kaya, K\u00fcbra H\u0131rac\u0131, Aysel \u015eahin ve Hatice \u015eahin, Halil Bulut, Zekiye Keskin, Merve Kotan, Buket Y\u0131ld\u0131z, Zeynep H\u00fcs\u00fcnbey, Nebahat A., Rabia K., Nusret Cihan Rafi, Umut K. ve U\u011fur K., Helin Paland\u00f6ken, Dilara Kandak, Emine Bulut, B\u00fc\u015fra Karabacak ve Tu\u011f\u00e7e Y\u0131ld\u0131r\u0131m,<\/p>\n<p class=\"more-link\"><a href=\"https:\/\/didemyeldan.com\/?page_id=821\" class=\"themebutton2\">Read More<\/a><\/p>\n","protected":false},"author":2,"featured_media":0,"parent":17,"menu_order":1,"comment_status":"closed","ping_status":"closed","template":"","meta":[],"_links":{"self":[{"href":"https:\/\/didemyeldan.com\/index.php?rest_route=\/wp\/v2\/pages\/821"}],"collection":[{"href":"https:\/\/didemyeldan.com\/index.php?rest_route=\/wp\/v2\/pages"}],"about":[{"href":"https:\/\/didemyeldan.com\/index.php?rest_route=\/wp\/v2\/types\/page"}],"author":[{"embeddable":true,"href":"https:\/\/didemyeldan.com\/index.php?rest_route=\/wp\/v2\/users\/2"}],"replies":[{"embeddable":true,"href":"https:\/\/didemyeldan.com\/index.php?rest_route=%2Fwp%2Fv2%2Fcomments&post=821"}],"version-history":[{"count":13,"href":"https:\/\/didemyeldan.com\/index.php?rest_route=\/wp\/v2\/pages\/821\/revisions"}],"predecessor-version":[{"id":844,"href":"https:\/\/didemyeldan.com\/index.php?rest_route=\/wp\/v2\/pages\/821\/revisions\/844"}],"up":[{"embeddable":true,"href":"https:\/\/didemyeldan.com\/index.php?rest_route=\/wp\/v2\/pages\/17"}],"wp:attachment":[{"href":"https:\/\/didemyeldan.com\/index.php?rest_route=%2Fwp%2Fv2%2Fmedia&parent=821"}],"curies":[{"name":"wp","href":"https:\/\/api.w.org\/{rel}","templated":true}]}}