{"id":859,"date":"2026-03-31T06:21:51","date_gmt":"2026-03-31T06:21:51","guid":{"rendered":"https:\/\/didemyeldan.com\/?page_id=859"},"modified":"2026-03-31T09:11:25","modified_gmt":"2026-03-31T09:11:25","slug":"siber-suclar","status":"publish","type":"page","link":"https:\/\/didemyeldan.com\/?page_id=859","title":{"rendered":"S\u0130BER SU\u00c7LAR 3.BASKI"},"content":{"rendered":"\r\n<div class=\"wp-block-media-text alignwide is-stacked-on-mobile is-vertically-aligned-top\" style=\"grid-template-columns: 40% auto;\">\r\n<figure class=\"wp-block-media-text__media\"><img decoding=\"async\" class=\"wp-image-580 size-full\" src=\"http:\/\/didemyeldan.com\/wp-content\/uploads\/WhatsApp-Image-2026-03-23-at-13.55.07-1.jpeg\" alt=\"\" \/><\/figure>\r\n<div class=\"wp-block-media-text__content\">\r\n\r\n\r\n<p style=\"text-align: justify;\">\u00a0<\/p>\r\n<p style=\"text-align: justify;\"><span style=\"font-family: helvetica, arial, sans-serif; font-size: 16px;\">Kitab\u0131n tamam\u0131 g\u00fcncellenmi\u015f bu \u00fc\u00e7\u00fcnc\u00fc bask\u0131s\u0131nda; 7406 Say\u0131l\u0131 Kanun ile T\u00fcrk Ceza Kanununa eklenen &#8220;\u0131srarl\u0131 takip&#8221; su\u00e7u ile ilgili yap\u0131lan d\u00fczenlemeler ve bu su\u00e7 ile ilgili kararlar eklenmi\u015ftir.<\/span><\/p>\r\n<p style=\"text-align: justify;\"><span style=\"font-family: helvetica, arial, sans-serif; font-size: 16px;\">Bili\u015fim\u00a0sistemleri ve bili\u015fim sistem\u00a0a\u011flar\u0131 kullan\u0131larak internet vas\u0131tas\u0131yla i\u015flenebilen siber taciz, zorbal\u0131k, \u015fiddet, cinayet, hakaret, tehdit, \u015fantaj, h\u0131rs\u0131zl\u0131k, doland\u0131r\u0131c\u0131l\u0131k, ya\u011fma, cinsel i\u00e7erikli g\u00f6r\u00fcnt\u00fclerin r\u0131za d\u0131\u015f\u0131nda payla\u015f\u0131lmas\u0131, intikam pornosu, \u00f6zel hayat\u0131n gizlili\u011fini ihlal, m\u00fcstehcenlik, fuhu\u015f, su\u00e7 i\u015flemeye tahrik, kumar, ter\u00f6r, bili\u015fim su\u00e7lar\u0131 ve di\u011fer b\u00fct\u00fcn su\u00e7lar\u2026<\/span><\/p>\r\n<p style=\"text-align: justify;\"><span style=\"font-family: helvetica, arial, sans-serif; font-size: 16px;\">Teknolojinin ve internetin kullan\u0131m alan\u0131ndaki s\u00fcratli geli\u015fme ve buna paralel olarak internet vas\u0131tas\u0131yla i\u015flenen su\u00e7lar\u0131n say\u0131s\u0131 ve t\u00fcrlerindeki h\u0131zl\u0131 art\u0131\u015f, bunlar\u0131n tamam\u0131n\u0131 kapsayan mevzuat\u0131n varl\u0131\u011f\u0131n\u0131n zorunlu hale gelmesi\u2026<\/span><\/p>\r\n<p style=\"text-align: justify;\"><span style=\"font-family: helvetica, arial, sans-serif; font-size: 16px;\">\u0130nternet ba\u011f\u0131ml\u0131l\u0131\u011f\u0131 ve sonu\u00e7lar\u0131, siber su\u00e7larla ili\u015fkisi, bu su\u00e7lardan korunma yollar\u0131, internet ve siber su\u00e7larla ilgili yasal d\u00fczenlemeler, soru\u015fturma ve kovu\u015fturma usulleri\u2026<\/span><\/p>\r\n<p style=\"text-align: justify;\"><span style=\"font-family: helvetica, arial, sans-serif; font-size: 16px;\">Konular\u0131na ve s\u0131k rastlanan siber su\u00e7lara, ger\u00e7ek hayattan g\u00fcncel olay de\u011ferlendirmeleri ve son Yarg\u0131tay kararlar\u0131 ile birlikte yer verilmi\u015ftir.<\/span><\/p>\r\n<p style=\"text-align: justify;\"><span style=\"font-family: helvetica, arial, sans-serif; font-size: 16px;\">Kitab\u0131n d\u00f6rd\u00fcnc\u00fc ve be\u015finci b\u00f6l\u00fcmlerinde Anayasa Mahkemesi ve Avrupa \u0130nsan Haklar\u0131 Mahkemesinin bu alandaki \u00e7ok yank\u0131 uyand\u0131ran g\u00fcncel kararlar\u0131 payla\u015f\u0131lm\u0131\u015ft\u0131r.<\/span><\/p>\r\n<p style=\"text-align: justify;\"><span style=\"font-family: helvetica, arial, sans-serif; font-size: 16px;\">Kitap, sadece hukuk camias\u0131nda yer alanlar\u0131n de\u011fil, her ya\u015ftan, her seviyedeki okuyucuya hitap ederek, bilgisayar, cep telefonu, internet ve sosyal medya ile olan ili\u015fkilerinde nelere dikkat etmeleri, bu t\u00fcr bir eylem ile kar\u015f\u0131la\u015ft\u0131klar\u0131nda neler yapmalar\u0131 gerekti\u011fi hususlar\u0131n\u0131 g\u00f6steren bir kaynak olacak \u015fekilde kaleme al\u0131nm\u0131\u015ft\u0131r.<\/span><\/p>\r\n<\/div>\r\n<\/div>\r\n\r\n\r\n\r\n<p><a style=\"font-size: 20px;\" href=\"http:\/\/didemyeldan.com\/wp-content\/uploads\/Siber-Suclar-3.-Baski-ONSOZ.pdf\">\u00d6ns\u00f6z<\/a><\/p>\r\n<p><span style=\"font-size: 20px;\"><a href=\"http:\/\/didemyeldan.com\/wp-content\/uploads\/DidemYeldanSiberSuclar3Baski_Icindekiler.pdf\">\u0130\u00e7indekiler<\/a><\/span><\/p>\r\n<p><span style=\"font-size: 20px;\"><a href=\"https:\/\/www.seckin.com.tr\/kitap\/209829293\">Sat\u0131n Al<\/a><\/span><\/p>\r\n\r\n<p>&nbsp;<\/p>\r\n<!-- \/wp:tadv\/classic-paragraph -->\r\n<p>&nbsp;<\/p>\r\n<!-- \/wp:media-text -->","protected":false},"excerpt":{"rendered":"<p>\u00d6ns\u00f6z \u0130\u00e7indekiler Sat\u0131n Al &nbsp; &nbsp;<\/p>\n","protected":false},"author":2,"featured_media":0,"parent":17,"menu_order":0,"comment_status":"closed","ping_status":"closed","template":"","meta":[],"_links":{"self":[{"href":"https:\/\/didemyeldan.com\/index.php?rest_route=\/wp\/v2\/pages\/859"}],"collection":[{"href":"https:\/\/didemyeldan.com\/index.php?rest_route=\/wp\/v2\/pages"}],"about":[{"href":"https:\/\/didemyeldan.com\/index.php?rest_route=\/wp\/v2\/types\/page"}],"author":[{"embeddable":true,"href":"https:\/\/didemyeldan.com\/index.php?rest_route=\/wp\/v2\/users\/2"}],"replies":[{"embeddable":true,"href":"https:\/\/didemyeldan.com\/index.php?rest_route=%2Fwp%2Fv2%2Fcomments&post=859"}],"version-history":[{"count":11,"href":"https:\/\/didemyeldan.com\/index.php?rest_route=\/wp\/v2\/pages\/859\/revisions"}],"predecessor-version":[{"id":885,"href":"https:\/\/didemyeldan.com\/index.php?rest_route=\/wp\/v2\/pages\/859\/revisions\/885"}],"up":[{"embeddable":true,"href":"https:\/\/didemyeldan.com\/index.php?rest_route=\/wp\/v2\/pages\/17"}],"wp:attachment":[{"href":"https:\/\/didemyeldan.com\/index.php?rest_route=%2Fwp%2Fv2%2Fmedia&parent=859"}],"curies":[{"name":"wp","href":"https:\/\/api.w.org\/{rel}","templated":true}]}}